{"id":5475,"date":"2015-12-15T00:00:00","date_gmt":"2015-12-15T00:00:00","guid":{"rendered":"http:\/\/localhost\/2018\/condra\/contacts\/"},"modified":"2025-08-22T13:48:59","modified_gmt":"2025-08-22T13:48:59","slug":"contacts","status":"publish","type":"page","link":"https:\/\/condra.co.za\/fr\/contacts\/","title":{"rendered":"Contacts dans le monde"},"content":{"rendered":"<div class=\"wpb-content-wrapper\">[vc_row][vc_column][vc_column_text]\r\n<p style=\"text-align: center;\">Nous vous invitons \u00e0 nous soumettre vos commentaires et nous r\u00e9pondrons \u00e0 toutes vos questions aussi rapidement que possible. Avez- vous des exigences particuli\u00e8res ou des enjeux op\u00e9rationnels\u00a0? Veuillez utiliser cette page pour nous en faire part.<\/p>\r\n[\/vc_column_text][\/vc_column][\/vc_row][vc_row full_width=\u00a0\u00bbstretch_row_content_no_spaces\u00a0\u00bb content_placement=\u00a0\u00bbmiddle\u00a0\u00bb][vc_column][vc_tta_tabs style=\u00a0\u00bbflat\u00a0\u00bb shape=\u00a0\u00bbsquare\u00a0\u00bb color=\u00a0\u00bbwhite\u00a0\u00bb spacing=\u00a0\u00bb10&Prime; alignment=\u00a0\u00bbcenter\u00a0\u00bb active_section=\u00a0\u00bb1&Prime; el_id=\u00a0\u00bbcondra-tabs\u00a0\u00bb][vc_tta_section title=\u00a0\u00bbVentes\u00a0\u00bb tab_id=\u00a0\u00bbcontact-sales\u00a0\u00bb]\n<div class=\"wpcf7 no-js\" id=\"wpcf7-f8592-o1\" lang=\"en-US\" dir=\"ltr\" data-wpcf7-id=\"8592\">\n<div class=\"screen-reader-response\"><p role=\"status\" aria-live=\"polite\" aria-atomic=\"true\"><\/p> <ul><\/ul><\/div>\n<form action=\"\/fr\/wp-json\/wp\/v2\/pages\/5475#wpcf7-f8592-o1\" method=\"post\" class=\"wpcf7-form init\" aria-label=\"Contact form\" novalidate=\"novalidate\" data-status=\"init\">\n<fieldset class=\"hidden-fields-container\"><input type=\"hidden\" name=\"_wpcf7\" value=\"8592\" \/><input type=\"hidden\" name=\"_wpcf7_version\" value=\"6.1.2\" \/><input type=\"hidden\" name=\"_wpcf7_locale\" value=\"en_US\" \/><input type=\"hidden\" name=\"_wpcf7_unit_tag\" value=\"wpcf7-f8592-o1\" \/><input type=\"hidden\" name=\"_wpcf7_container_post\" value=\"0\" \/><input type=\"hidden\" name=\"_wpcf7_posted_data_hash\" value=\"\" \/><input type=\"hidden\" name=\"_wpcf7_recaptcha_response\" value=\"\" \/>\n<\/fieldset>\n<p><label> Your name<br \/>\n<span class=\"wpcf7-form-control-wrap\" data-name=\"your-name\"><input size=\"40\" maxlength=\"400\" class=\"wpcf7-form-control wpcf7-text wpcf7-validates-as-required\" autocomplete=\"name\" aria-required=\"true\" aria-invalid=\"false\" value=\"\" type=\"text\" name=\"your-name\" \/><\/span> <\/label>\n<\/p>\n<p><label> Your email<br \/>\n<span class=\"wpcf7-form-control-wrap\" data-name=\"your-email\"><input size=\"40\" maxlength=\"400\" class=\"wpcf7-form-control wpcf7-email wpcf7-validates-as-required wpcf7-text wpcf7-validates-as-email\" autocomplete=\"email\" aria-required=\"true\" aria-invalid=\"false\" value=\"\" type=\"email\" name=\"your-email\" \/><\/span> <\/label>\n<\/p>\n<p><label> Subject<br \/>\n<span class=\"wpcf7-form-control-wrap\" data-name=\"your-subject\"><input size=\"40\" maxlength=\"400\" class=\"wpcf7-form-control wpcf7-text wpcf7-validates-as-required\" aria-required=\"true\" aria-invalid=\"false\" value=\"\" type=\"text\" name=\"your-subject\" \/><\/span> <\/label>\n<\/p>\n<p><label> Your message (optional)<br \/>\n<span class=\"wpcf7-form-control-wrap\" data-name=\"your-message\"><textarea cols=\"40\" rows=\"10\" maxlength=\"2000\" class=\"wpcf7-form-control wpcf7-textarea\" aria-invalid=\"false\" name=\"your-message\"><\/textarea><\/span> <\/label>\n<\/p>\n<p><input class=\"wpcf7-form-control wpcf7-submit has-spinner\" type=\"submit\" value=\"Submit\" \/>\n<\/p><div class=\"wpcf7-response-output\" aria-hidden=\"true\"><\/div>\n<\/form>\n<\/div>\n[vc_empty_space height=\u00a0\u00bb40px\u00a0\u00bb][vc_empty_space height=\u00a0\u00bb20px\u00a0\u00bb][\/vc_tta_section][vc_tta_section title=\u00a0\u00bbAssistance technique\u00a0\u00bb tab_id=\u00a0\u00bbcontact-support\u00a0\u00bb]\n<div class=\"wpcf7 no-js\" id=\"wpcf7-f8592-o2\" lang=\"en-US\" dir=\"ltr\" data-wpcf7-id=\"8592\">\n<div class=\"screen-reader-response\"><p role=\"status\" aria-live=\"polite\" aria-atomic=\"true\"><\/p> <ul><\/ul><\/div>\n<form action=\"\/fr\/wp-json\/wp\/v2\/pages\/5475#wpcf7-f8592-o2\" method=\"post\" class=\"wpcf7-form init\" aria-label=\"Contact form\" novalidate=\"novalidate\" data-status=\"init\">\n<fieldset class=\"hidden-fields-container\"><input type=\"hidden\" name=\"_wpcf7\" value=\"8592\" \/><input type=\"hidden\" name=\"_wpcf7_version\" value=\"6.1.2\" \/><input type=\"hidden\" name=\"_wpcf7_locale\" value=\"en_US\" \/><input type=\"hidden\" name=\"_wpcf7_unit_tag\" value=\"wpcf7-f8592-o2\" \/><input type=\"hidden\" name=\"_wpcf7_container_post\" value=\"0\" \/><input type=\"hidden\" name=\"_wpcf7_posted_data_hash\" value=\"\" \/><input type=\"hidden\" name=\"_wpcf7_recaptcha_response\" value=\"\" \/>\n<\/fieldset>\n<p><label> Your name<br \/>\n<span class=\"wpcf7-form-control-wrap\" data-name=\"your-name\"><input size=\"40\" maxlength=\"400\" class=\"wpcf7-form-control wpcf7-text wpcf7-validates-as-required\" autocomplete=\"name\" aria-required=\"true\" aria-invalid=\"false\" value=\"\" type=\"text\" name=\"your-name\" \/><\/span> <\/label>\n<\/p>\n<p><label> Your email<br \/>\n<span class=\"wpcf7-form-control-wrap\" data-name=\"your-email\"><input size=\"40\" maxlength=\"400\" class=\"wpcf7-form-control wpcf7-email wpcf7-validates-as-required wpcf7-text wpcf7-validates-as-email\" autocomplete=\"email\" aria-required=\"true\" aria-invalid=\"false\" value=\"\" type=\"email\" name=\"your-email\" \/><\/span> <\/label>\n<\/p>\n<p><label> Subject<br \/>\n<span class=\"wpcf7-form-control-wrap\" data-name=\"your-subject\"><input size=\"40\" maxlength=\"400\" class=\"wpcf7-form-control wpcf7-text wpcf7-validates-as-required\" aria-required=\"true\" aria-invalid=\"false\" value=\"\" type=\"text\" name=\"your-subject\" \/><\/span> <\/label>\n<\/p>\n<p><label> Your message (optional)<br \/>\n<span class=\"wpcf7-form-control-wrap\" data-name=\"your-message\"><textarea cols=\"40\" rows=\"10\" maxlength=\"2000\" class=\"wpcf7-form-control wpcf7-textarea\" aria-invalid=\"false\" name=\"your-message\"><\/textarea><\/span> <\/label>\n<\/p>\n<p><input class=\"wpcf7-form-control wpcf7-submit has-spinner\" type=\"submit\" value=\"Submit\" \/>\n<\/p><div class=\"wpcf7-response-output\" aria-hidden=\"true\"><\/div>\n<\/form>\n<\/div>\n[vc_empty_space height=\u00a0\u00bb40px\u00a0\u00bb][vc_empty_space height=\u00a0\u00bb20px\u00a0\u00bb][\/vc_tta_section][vc_tta_section title=\u00a0\u00bbCommentaires\u00a0\u00bb tab_id=\u00a0\u00bbcontact-feedback\u00a0\u00bb]\n<div class=\"wpcf7 no-js\" id=\"wpcf7-f8592-o3\" lang=\"en-US\" dir=\"ltr\" data-wpcf7-id=\"8592\">\n<div class=\"screen-reader-response\"><p role=\"status\" aria-live=\"polite\" aria-atomic=\"true\"><\/p> <ul><\/ul><\/div>\n<form action=\"\/fr\/wp-json\/wp\/v2\/pages\/5475#wpcf7-f8592-o3\" method=\"post\" class=\"wpcf7-form init\" aria-label=\"Contact form\" novalidate=\"novalidate\" data-status=\"init\">\n<fieldset class=\"hidden-fields-container\"><input type=\"hidden\" name=\"_wpcf7\" value=\"8592\" \/><input type=\"hidden\" name=\"_wpcf7_version\" value=\"6.1.2\" \/><input type=\"hidden\" name=\"_wpcf7_locale\" value=\"en_US\" \/><input type=\"hidden\" name=\"_wpcf7_unit_tag\" value=\"wpcf7-f8592-o3\" \/><input type=\"hidden\" name=\"_wpcf7_container_post\" value=\"0\" \/><input type=\"hidden\" name=\"_wpcf7_posted_data_hash\" value=\"\" \/><input type=\"hidden\" name=\"_wpcf7_recaptcha_response\" value=\"\" \/>\n<\/fieldset>\n<p><label> Your name<br \/>\n<span class=\"wpcf7-form-control-wrap\" data-name=\"your-name\"><input size=\"40\" maxlength=\"400\" class=\"wpcf7-form-control wpcf7-text wpcf7-validates-as-required\" autocomplete=\"name\" aria-required=\"true\" aria-invalid=\"false\" value=\"\" type=\"text\" name=\"your-name\" \/><\/span> <\/label>\n<\/p>\n<p><label> Your email<br \/>\n<span class=\"wpcf7-form-control-wrap\" data-name=\"your-email\"><input size=\"40\" maxlength=\"400\" class=\"wpcf7-form-control wpcf7-email wpcf7-validates-as-required wpcf7-text wpcf7-validates-as-email\" autocomplete=\"email\" aria-required=\"true\" aria-invalid=\"false\" value=\"\" type=\"email\" name=\"your-email\" \/><\/span> <\/label>\n<\/p>\n<p><label> Subject<br \/>\n<span class=\"wpcf7-form-control-wrap\" data-name=\"your-subject\"><input size=\"40\" maxlength=\"400\" class=\"wpcf7-form-control wpcf7-text wpcf7-validates-as-required\" aria-required=\"true\" aria-invalid=\"false\" value=\"\" type=\"text\" name=\"your-subject\" \/><\/span> <\/label>\n<\/p>\n<p><label> Your message (optional)<br \/>\n<span class=\"wpcf7-form-control-wrap\" data-name=\"your-message\"><textarea cols=\"40\" rows=\"10\" maxlength=\"2000\" class=\"wpcf7-form-control wpcf7-textarea\" aria-invalid=\"false\" name=\"your-message\"><\/textarea><\/span> <\/label>\n<\/p>\n<p><input class=\"wpcf7-form-control wpcf7-submit has-spinner\" type=\"submit\" value=\"Submit\" \/>\n<\/p><div class=\"wpcf7-response-output\" aria-hidden=\"true\"><\/div>\n<\/form>\n<\/div>\n[vc_empty_space height=\u00a0\u00bb40px\u00a0\u00bb][vc_empty_space height=\u00a0\u00bb20px\u00a0\u00bb][\/vc_tta_section][\/vc_tta_tabs][\/vc_column][\/vc_row][vc_row][vc_column][vc_raw_js]JTNDbGluayUyMHJlbCUzRCUyMnN0eWxlc2hlZXQlMjIlMjBocmVmJTNEJTIyJTJGaHRtbDVHbG9iZUZpbGVzJTJGY3NzJTJGY29sb3Jib3guY3NzJTIyJTNFJTBBJTNDbGluayUyMHJlbCUzRCUyMnN0eWxlc2hlZXQlMjIlMjBocmVmJTNEJTIyJTJGaHRtbDVHbG9iZUZpbGVzJTJGY3NzJTJGZWFydGh2aWV3ZXJfc3R5bGVzX3VuaXF1ZS5taW4uY3NzJTIyJTNFJTBBJTNDc2NyaXB0JTIwc3JjJTNEJTIyaHR0cHMlM0ElMkYlMkZhamF4Lmdvb2dsZWFwaXMuY29tJTJGYWpheCUyRmxpYnMlMkZqcXVlcnklMkYxLjcuMSUyRmpxdWVyeS5taW4uanMlMjIlM0UlM0MlMkZzY3JpcHQlM0UlMEElM0NzY3JpcHQlMjBzcmMlM0QlMjIlMkZodG1sNUdsb2JlRmlsZXMlMkZqcyUyRmdsb2JlLm1pbi5qcyUyMiUzRSUzQyUyRnNjcmlwdCUzRSUwQSUwQSUwOSUzQ2RpdiUyMGlkJTNEJTIyZ2xvYmVHbF8lMjIlMjBjbGFzcyUzRCUyMmdsb2JlR2wlMjIlM0UlM0MlMkZkaXYlM0UlMEElMEElMDklM0NkaXYlMjBjbGFzcyUzRCUyMmhvdHNwb3QlMjBoNWdfaGlkZGVuJTIyJTIwZGF0YS1sYXQlM0QlMjItMjYuMTgxJTIyJTIwZGF0YS1sb25nJTNEJTIyMjguMTkyJTIyJTIwZGF0YS11cmwlM0QlMjJodHRwJTNBJTJGJTJGd3d3LnRoZWRlc2lnbmVycy5jby56YSUyRmNvbmRyYSUyRkhlYWQtT2ZmaWNlLmh0bWwlMjIlMjBkYXRhLXVybHRhcmdldCUzRCUyMmxpZ2h0Qm94JTIyJTIwZGF0YS1ob3RzcG90Y2xhc3MlM0QlMjJob3RzcG90b3ZlcnJpZGUlMjIlMjBkYXRhLWhvdHNwb3RpY29uJTNEJTIydGV4dHVyZXMlMkZob3RzcG90SWNvbnNPcmFuZ2UlMkZuYW5vX01CLnBuZyUyMiUyMGRhdGEtaG90c3BvdGFsaWduJTNEJTIyTVQlMjIlMjBkYXRhLWNsaWNrZXh0ZXJuYWwlM0QlMjIlMjIlMjBkYXRhLWhlYWR0eHQlM0QlMjJDb25kcmElMjBIZWFkJTIwT2ZmaWNlJTIyJTNFJTNDJTJGZGl2JTNFJTBBJTBBJTA5JTNDZGl2JTIwY2xhc3MlM0QlMjJob3RzcG90JTIwaDVnX2hpZGRlbiUyMiUyMGRhdGEtbGF0JTNEJTIyLTI4LjQxOCUyMiUyMGRhdGEtbG9uZyUzRCUyMjE4LjA2MyUyMiUyMGRhdGEtdXJsJTNEJTIyaHR0cCUzQSUyRiUyRnd3dy50aGVkZXNpZ25lcnMuY28uemElMkZjb25kcmElMkZOYW1jcmFuZS5odG1sJTIyJTIwZGF0YS11cmx0YXJnZXQlM0QlMjJsaWdodEJveCUyMiUyMGRhdGEtaG90c3BvdGNsYXNzJTNEJTIyaG90c3BvdG92ZXJyaWRlJTIyJTIwZGF0YS1ob3RzcG90aWNvbiUzRCUyMnRleHR1cmVzJTJGaG90c3BvdEljb25zT3JhbmdlJTJGbmFub19NQi5wbmclMjIlMjBkYXRhLWhvdHNwb3RhbGlnbiUzRCUyMk1UJTIyJTIwZGF0YS1jbGlja2V4dGVybmFsJTNEJTIyJTIyJTIwZGF0YS1oZWFkdHh0JTNEJTIyTmFtY3JhbmUlMjBFbmdpbmVlcmluZyUyMENDJTIyJTNFJTNDJTJGZGl2JTNFJTBBJTBBJTA5JTNDZGl2JTIwY2xhc3MlM0QlMjJob3RzcG90JTIwaDVnX2hpZGRlbiUyMiUyMGRhdGEtbGF0JTNEJTIyLTI1LjQ3NCUyMiUyMGRhdGEtbG9uZyUzRCUyMjI0Ljk3OCUyMiUyMGRhdGEtdXJsJTNEJTIyaHR0cCUzQSUyRiUyRnd3dy50aGVkZXNpZ25lcnMuY28uemElMkZjb25kcmElMkZUdXJiby1BZ2VuY2llcy5odG1sJTIyJTIwZGF0YS11cmx0YXJnZXQlM0QlMjJsaWdodEJveCUyMiUyMGRhdGEtaG90c3BvdGNsYXNzJTNEJTIyaG90c3BvdG92ZXJyaWRlJTIyJTIwZGF0YS1ob3RzcG90aWNvbiUzRCUyMnRleHR1cmVzJTJGaG90c3BvdEljb25zT3JhbmdlJTJGbmFub19NQi5wbmclMjIlMjBkYXRhLWhvdHNwb3RhbGlnbiUzRCUyMk1UJTIyJTIwZGF0YS1jbGlja2V4dGVybmFsJTNEJTIyJTIyJTIwZGF0YS1oZWFkdHh0JTNEJTIyVHVyYm8lMjBBZ2VuY2llcyUyMCUyOFBUWSUyOSUyMExpbWl0ZWQlMjIlM0UlM0MlMkZkaXYlM0UlMEElMEElMDklM0NkaXYlMjBjbGFzcyUzRCUyMmhvdHNwb3QlMjBoNWdfaGlkZGVuJTIyJTIwZGF0YS1sYXQlM0QlMjItMzMuMjk1JTIyJTIwZGF0YS1sb25nJTNEJTIyLTY5LjgxNiUyMiUyMGRhdGEtdXJsJTNEJTIyaHR0cCUzQSUyRiUyRnd3dy50aGVkZXNpZ25lcnMuY28uemElMkZjb25kcmElMkZNYW50ZXguaHRtbCUyMiUyMGRhdGEtdXJsdGFyZ2V0JTNEJTIybGlnaHRCb3glMjIlMjBkYXRhLWhvdHNwb3RjbGFzcyUzRCUyMmhvdHNwb3RvdmVycmlkZSUyMiUyMGRhdGEtaG90c3BvdGljb24lM0QlMjJ0ZXh0dXJlcyUyRmhvdHNwb3RJY29uc09yYW5nZSUyRm5hbm9fTUIucG5nJTIyJTIwZGF0YS1ob3RzcG90YWxpZ24lM0QlMjJNVCUyMiUyMGRhdGEtY2xpY2tleHRlcm5hbCUzRCUyMiUyMiUyMGRhdGEtaGVhZHR4dCUzRCUyMk1hbnRleCUyMFNBJTIyJTNFJTNDJTJGZGl2JTNFJTBBJTBBJTA5JTNDZGl2JTIwY2xhc3MlM0QlMjJob3RzcG90JTIwaDVnX2hpZGRlbiUyMiUyMGRhdGEtbGF0JTNEJTIyLTMxLjAzOCUyMiUyMGRhdGEtbG9uZyUzRCUyMi03MC4wNjclMjIlMjBkYXRhLXVybCUzRCUyMmh0dHAlM0ElMkYlMkZ3d3cudGhlZGVzaWduZXJzLmNvLnphJTJGY29uZHJhJTJGS2xhdXMuaHRtbCUyMiUyMGRhdGEtdXJsdGFyZ2V0JTNEJTIybGlnaHRCb3glMjIlMjBkYXRhLWhvdHNwb3RjbGFzcyUzRCUyMmhvdHNwb3RvdmVycmlkZSUyMiUyMGRhdGEtaG90c3BvdGljb24lM0QlMjJ0ZXh0dXJlcyUyRmhvdHNwb3RJY29uc09yYW5nZSUyRm5hbm9fTUIucG5nJTIyJTIwZGF0YS1ob3RzcG90YWxpZ24lM0QlMjJNVCUyMiUyMGRhdGEtY2xpY2tleHRlcm5hbCUzRCUyMiUyMiUyMGRhdGEtaGVhZHR4dCUzRCUyMktsYXVzJTIwdm9uJTIwU3RvcmNoJTIyJTNFJTNDJTJGZGl2JTNFJTBBJTBBJTA5JTNDZGl2JTIwY2xhc3MlM0QlMjJob3RzcG90JTIwaDVnX2hpZGRlbiUyMiUyMGRhdGEtbGF0JTNEJTIyLTIwLjI2MCUyMiUyMGRhdGEtbG9uZyUzRCUyMjI1LjkxMiUyMiUyMGRhdGEtdXJsJTNEJTIyaHR0cCUzQSUyRiUyRnd3dy50aGVkZXNpZ25lcnMuY28uemElMkZjb25kcmElMkZFQy1NaW5pbmcuaHRtbCUyMiUyMGRhdGEtdXJsdGFyZ2V0JTNEJTIybGlnaHRCb3glMjIlMjBkYXRhLWhvdHNwb3RjbGFzcyUzRCUyMmhvdHNwb3RvdmVycmlkZSUyMiUyMGRhdGEtaG90c3BvdGljb24lM0QlMjJ0ZXh0dXJlcyUyRmhvdHNwb3RJY29uc09yYW5nZSUyRm5hbm9fTUIucG5nJTIyJTIwZGF0YS1ob3RzcG90YWxpZ24lM0QlMjJNVCUyMiUyMGRhdGEtY2xpY2tleHRlcm5hbCUzRCUyMiUyMiUyMGRhdGEtaGVhZHR4dCUzRCUyMkUlMjBDJTIwTWluaW5nJTIyJTNFJTNDJTJGZGl2JTNFJTBBJTBBJTA5JTNDZGl2JTIwY2xhc3MlM0QlMjJob3RzcG90JTIwaDVnX2hpZGRlbiUyMiUyMGRhdGEtbGF0JTNEJTIyMjQuODEzJTIyJTIwZGF0YS1sb25nJTNEJTIyNTQuOTU5JTIyJTIwZGF0YS11cmwlM0QlMjJodHRwJTNBJTJGJTJGd3d3LnRoZWRlc2lnbmVycy5jby56YSUyRmNvbmRyYSUyRlByb2ZpbGVzLmh0bWwlMjIlMjBkYXRhLXVybHRhcmdldCUzRCUyMmxpZ2h0Qm94JTIyJTIwZGF0YS1ob3RzcG90Y2xhc3MlM0QlMjJob3RzcG90b3ZlcnJpZGUlMjIlMjBkYXRhLWhvdHNwb3RpY29uJTNEJTIydGV4dHVyZXMlMkZob3RzcG90SWNvbnNPcmFuZ2UlMkZuYW5vX01CLnBuZyUyMiUyMGRhdGEtaG90c3BvdGFsaWduJTNEJTIyTVQlMjIlMjBkYXRhLWNsaWNrZXh0ZXJuYWwlM0QlMjIlMjIlMjBkYXRhLWhlYWR0eHQlM0QlMjJQcm9maWxlcyUyMFJIRiUyMiUzRSUzQyUyRmRpdiUzRSUwQSUwQSUwOSUzQ2RpdiUyMGNsYXNzJTNEJTIyaG90c3BvdCUyMGg1Z19oaWRkZW4lMjIlMjBkYXRhLWxhdCUzRCUyMjQ0LjI2MiUyMiUyMGRhdGEtbG9uZyUzRCUyMjIyLjQzMSUyMiUyMGRhdGEtdXJsJTNEJTIyaHR0cCUzQSUyRiUyRnd3dy50aGVkZXNpZ25lcnMuY28uemElMkZjb25kcmElMkZCdWxnYXJpYS5odG1sJTIyJTIwZGF0YS11cmx0YXJnZXQlM0QlMjJsaWdodEJveCUyMiUyMGRhdGEtaG90c3BvdGNsYXNzJTNEJTIyaG90c3BvdG92ZXJyaWRlJTIyJTIwZGF0YS1ob3RzcG90aWNvbiUzRCUyMnRleHR1cmVzJTJGaG90c3BvdEljb25zT3JhbmdlJTJGbmFub19NQi5wbmclMjIlMjBkYXRhLWhvdHNwb3RhbGlnbiUzRCUyMk1UJTIyJTIwZGF0YS1jbGlja2V4dGVybmFsJTNEJTIyJTIyJTIwZGF0YS1oZWFkdHh0JTNEJTIyQ29uZHJhJTIwQnVsZ2FyaWElMjBMVEQlMjIlM0UlM0MlMkZkaXYlM0UlMEElMEElMDklM0NkaXYlMjBjbGFzcyUzRCUyMmhvdHNwb3QlMjBoNWdfaGlkZGVuJTIyJTIwZGF0YS1sYXQlM0QlMjI0Ni4zODYlMjIlMjBkYXRhLWxvbmclM0QlMjIyMS45MTglMjIlMjBkYXRhLXVybCUzRCUyMmh0dHAlM0ElMkYlMkZ3d3cudGhlZGVzaWduZXJzLmNvLnphJTJGY29uZHJhJTJGTmltaXguaHRtbCUyMiUyMGRhdGEtdXJsdGFyZ2V0JTNEJTIybGlnaHRCb3glMjIlMjBkYXRhLWhvdHNwb3RjbGFzcyUzRCUyMmhvdHNwb3RvdmVycmlkZSUyMiUyMGRhdGEtaG90c3BvdGljb24lM0QlMjJ0ZXh0dXJlcyUyRmhvdHNwb3RJY29uc09yYW5nZSUyRm5hbm9fTUIucG5nJTIyJTIwZGF0YS1ob3RzcG90YWxpZ24lM0QlMjJNVCUyMiUyMGRhdGEtY2xpY2tleHRlcm5hbCUzRCUyMiUyMiUyMGRhdGEtaGVhZHR4dCUzRCUyMk5pbWl4JTIwU0xURCUyMiUzRSUzQyUyRmRpdiUzRSUwQSUwQSUwOSUzQ2RpdiUyMGNsYXNzJTNEJTIyaG90c3BvdCUyMGg1Z19oaWRkZW4lMjIlMjBkYXRhLWxhdCUzRCUyMjU5LjQ4OSUyMiUyMGRhdGEtbG9uZyUzRCUyMjU5Ljg1NiUyMiUyMGRhdGEtdXJsJTNEJTIyaHR0cCUzQSUyRiUyRnd3dy50aGVkZXNpZ25lcnMuY28uemElMkZjb25kcmElMkZFbmVyZ28uaHRtbCUyMiUyMGRhdGEtdXJsdGFyZ2V0JTNEJTIybGlnaHRCb3glMjIlMjBkYXRhLWhvdHNwb3RjbGFzcyUzRCUyMmhvdHNwb3RvdmVycmlkZSUyMiUyMGRhdGEtaG90c3BvdGljb24lM0QlMjJ0ZXh0dXJlcyUyRmhvdHNwb3RJY29uc09yYW5nZSUyRm5hbm9fTUIucG5nJTIyJTIwZGF0YS1ob3RzcG90YWxpZ24lM0QlMjJNVCUyMiUyMGRhdGEtY2xpY2tleHRlcm5hbCUzRCUyMiUyMiUyMGRhdGEtaGVhZHR4dCUzRCUyMkVuZXJnbyUyMFByb2ZpdCUyMEx0ZC4lMjIlM0UlM0MlMkZkaXYlM0UlMEElMEElMDklM0NkaXYlMjBjbGFzcyUzRCUyMmhvdHNwb3QlMjBoNWdfaGlkZGVuJTIyJTIwZGF0YS1sYXQlM0QlMjI1OS4wNTclMjIlMjBkYXRhLWxvbmclM0QlMjItMTE0LjMwNCUyMiUyMGRhdGEtdXJsJTNEJTIyaHR0cCUzQSUyRiUyRnd3dy50aGVkZXNpZ25lcnMuY28uemElMkZjb25kcmElMkZJbmRvYy5odG1sJTIyJTIwZGF0YS11cmx0YXJnZXQlM0QlMjJsaWdodEJveCUyMiUyMGRhdGEtaG90c3BvdGNsYXNzJTNEJTIyaG90c3BvdG92ZXJyaWRlJTIyJTIwZGF0YS1ob3RzcG90aWNvbiUzRCUyMnRleHR1cmVzJTJGaG90c3BvdEljb25zT3JhbmdlJTJGbmFub19NQi5wbmclMjIlMjBkYXRhLWhvdHNwb3RhbGlnbiUzRCUyMk1UJTIyJTIwZGF0YS1jbGlja2V4dGVybmFsJTNEJTIyJTIyJTIwZGF0YS1oZWFkdHh0JTNEJTIySW5kb2MlMjBDcmFuZSUyMFNlcnZpY2VzJTIyJTNFJTNDJTJGZGl2JTNFJTBBJTA5JTNDc2NyaXB0JTNFJTBBJTA5JTA5dmFyJTIwZyUyMCUzRCUyMCUyNCUyOCUyMmRpdiUyM2dsb2JlR2xfJTIyJTI5Lmdsb2JlJTI4JTdCJTBBJTA5JTA5JTA5Z2xvYmVSYWRpdXMlM0ElN0J2YWwlM0ElMjIyNTAlMjIlN0QlMkMlMEElMDklMDklMDlnbG9iZVNoaW5lJTNBJTdCdmFsJTNBJTIyNCUyMiU3RCUyQyUwQSUwOSUwOSUwOWdsb2JlVGV4dHVyZSUzQSU3QnZhbCUzQSUyMnRleHR1cmVzJTJGZWFydGhtYXAxMGtfYmx1ZS5qcGclMjIlN0QlMkMlMEElMDklMDklMDlnbG9iZUJ1bXAlM0ElN0J2YWwlM0ElMjJ0ZXh0dXJlcyUyRmVhcnRoYnVtcDFrLmpwZyUyMiU3RCUyQyUwQSUwOSUwOSUwOWdsb2JlTWluU2NhbGUlM0ElN0J2YWwlM0ElMjIxJTIyJTdEJTJDJTBBJTA5JTA5JTA5Z2xvYmVNYXhTY2FsZSUzQSU3QnZhbCUzQSUyMjYlMjIlN0QlMkMlMEElMDklMDklMDlnbG9iZVNlZ21lbnRzJTNBJTdCdmFsJTNBJTIyNTAlMjIlN0QlMkMlMEElMDklMDklMDltb21lbnR1bSUzQSU3QnZhbCUzQSUyMjAuMDclMjIlN0QlMkMlMEElMDklMDklMDlhbWJpZW50SW50ZW5zaXR5JTNBJTdCdmFsJTNBJTIyMy41JTIyJTdEJTJDJTBBJTA5JTA5JTA5YW1iaWVudENvbG9yJTNBJTdCdmFsJTNBJTIyJTIzNTU1NTg0JTIyJTdEJTJDJTBBJTA5JTA5JTA5YW1iaWVudFBvc1glM0ElN0J2YWwlM0ElMjIyMDAwMCUyMiU3RCUyQyUwQSUwOSUwOSUwOWFtYmllbnRQb3NZJTNBJTdCdmFsJTNBJTIyLTEwMDAwJTIyJTdEJTJDJTBBJTA5JTA5JTA5YW1iaWVudFBvc1olM0ElN0J2YWwlM0ElMjI0OTUlMjIlN0QlMkMlMEElMDklMDklMDloZWFkTGFtcEludGVuc2l0eSUzQSU3QnZhbCUzQSUyMjElMjIlN0QlMkMlMEElMDklMDklMDloZWFkTGFtcENvbG9yJTNBJTdCdmFsJTNBJTIyJTIzZmZmZmZmJTIyJTdEJTJDJTBBJTA5JTA5JTA5aGVhZExhbXBQb3NYJTNBJTdCdmFsJTNBJTIyNTAwJTIyJTdEJTJDJTBBJTA5JTA5JTA5aGVhZExhbXBQb3NZJTNBJTdCdmFsJTNBJTIyMTAwMCUyMiU3RCUyQyUwQSUwOSUwOSUwOWhlYWRMYW1wUG9zWiUzQSU3QnZhbCUzQSUyMjAlMjIlN0QlMkMlMEElMDklMDklMDlob3RTcG90SWNvbiUzQSU3QnZhbCUzQSUyMnRleHR1cmVzJTJGaG90c3BvdEljb25zT3JhbmdlJTJGbmFub19MVC5wbmclMjIlN0QlMkMlMEElMDklMDklMDliYWNrUGxhdGVUZXh0dXJlJTNBJTdCdmFsJTNBJTIydGV4dHVyZXMlMkZiYWNrUGxhdGVfZ2xvdy5wbmclMjIlN0QlMkMlMEElMDklMDklMDliYWNrUGxhdGVNYXJnaW4lM0ElN0J2YWwlM0ElMjIxMCUyMiU3RCUyQyUwQSUwOSUwOSUwOWRlYnVnTW9kZSUzQSU3QnZhbCUzQSUyMnRydWUlMjIlN0QlMkMlMEElMDklMDklMDlwb3BXaWR0aCUzQSU3QnZhbCUzQSUyMjMwJTI1JTIyJTdEJTJDJTBBJTA5JTA5JTA5cG9wSGVpZ2h0JTNBJTdCdmFsJTNBJTIyNjAlMjUlMjIlN0QlMkMlMEElMDklMDklMDljb250ZW50Q2xhc3MlM0ElN0J2YWwlM0ElMjIuaG90c3BvdCUyMiU3RCUyQyUwQSUwOSUwOSUwOWhvdHNwb3RDc3NPdmVycmlkZSUzQSU3QnZhbCUzQSUyMmhvdHNwb3Rfb3ZlcnJpZGUlMjIlN0QlMkMlMEElMDklMDklMDljYW1lcmFUYXJnZXRYJTNBJTdCdmFsJTNBJTIyMCUyMiU3RCUyQyUwQSUwOSUwOSUwOWNhbWVyYVRhcmdldFklM0ElN0J2YWwlM0ElMjIwJTIyJTdEJTJDJTBBJTA5JTA5JTA5Y2FtZXJhVGFyZ2V0WiUzQSU3QnZhbCUzQSUyMjAlMjIlN0QlMkMlMEElMDklMDklMDlhdXRvUm90YXRlU3BlZWQlM0ElN0J2YWwlM0ElMjIwLjAwNSUyMiU3RCUyQyUwQSUwOSUwOSUwOWF1dG9Sb3RhdGUlM0ElN0J2YWwlM0ElMjJ0cnVlJTIyJTdEJTJDJTBBJTA5JTA5JTA5Y2xpY2tFeHRlcm5hbCUzQSU3QnZhbCUzQSUyMmZhbHNlJTIyJTdEJTJDJTBBJTA5JTA5JTA5YXNzZXRQYXRoJTNBJTdCdmFsJTNBJTIyJTJGaHRtbDVHbG9iZUZpbGVzJTJGJTIyJTdEJTJDJTBBJTA5JTA5JTdEJTI5JTNCJTBBJTA5JTNDJTJGc2NyaXB0JTNF[\/vc_raw_js][\/vc_column][\/vc_row][vc_row][vc_column width=\u00a0\u00bb1\/2&Prime;]<h1 class=\"vcex-module vcex-heading vcex-heading-plain vc_custom_1544535657753\"><span class=\"vcex-heading-inner clr\">R\u00e9seau d\u2019agents et de distributeurs sud-africains<\/span><\/h1>[vc_tta_accordion][vc_tta_section title=\u00a0\u00bbFix a Crane C.C\u00a0\u00bb tab_id=\u00a0\u00bbfixacrane\u00a0\u00bb][vc_column_text]Mr.M.C. Hamman\r\nTel:016-423-1549\r\nFax:016-423-5296\r\nCell:083 570 1757\r\nEmail:fixacranecc@mweb.co.za\r\n\r\nSuite 228 Private Bag X3706, Three Rivers 1935\r\n30 Sunbird Street, Elspark, Germiston\r\n\r\nVAT: 4590221786[\/vc_column_text][\/vc_tta_section][vc_tta_section title=\u00a0\u00bbG T B Industrial Services CC\u00a0\u00bb tab_id=\u00a0\u00bbgtbindustrial\u00a0\u00bb][vc_column_text]Albert van Wyk\r\nTel:013-650-0105\r\nFax:086-514-7044\r\nCell:082-854-9707\r\nEmail:gtbis@telkomsa.net\r\n\r\nPO Box 7708, Tasbetpark 1040\r\n28 Dora Road, Riverview, Witbank[\/vc_column_text][\/vc_tta_section][vc_tta_section title=\u00a0\u00bbHP Crane Consulting (PTY) LTD\u00a0\u00bb tab_id=\u00a0\u00bbhpcrane\u00a0\u00bb][vc_column_text]Donovan Spamers\r\nHenry Spamers\r\nTel:011-740-9725\r\nFax:011-740-8416\r\nCell:082 564 8240\r\nCell#2:083 415 1664\r\nEmail:hpcranes@icon.co.za\r\n\r\nPO Box 11298, Brakpan North 1545, 68 Voortrekker Avenue, Brakpan\r\n\r\nVAT: 4630250837[\/vc_column_text][\/vc_tta_section][vc_tta_section title=\u00a0\u00bbJ &amp; J LIFTING CC\u00a0\u00bb tab_id=\u00a0\u00bbjjliftingcc\u00a0\u00bb][vc_column_text]Frikkie Jordaan\r\nTel:035-747-2239\r\nFax:086-670-5837\r\nEmail:echolifting@mweb.co.za\r\n\r\nPO Box 224, Karino, 1204\r\n\r\nVAT: 4620199937[\/vc_column_text][\/vc_tta_section][vc_tta_section title=\u00a0\u00bbNatal Crane and Hoist Services CC\u00a0\u00bb tab_id=\u00a0\u00bbnatalcrane\u00a0\u00bb][vc_column_text]Jim Wells\r\nTel:031-763-2618\r\nFax:031-763-3698\r\nCell:082-449-3344\r\nEmail:natcrane@icon.co.za\r\n\r\nPO Box 257, Gillitts 3603\r\n1 Boundary Park, Inanda Road, Waterfall\r\n\r\nVAT: 4430109233[\/vc_column_text][\/vc_tta_section][vc_tta_section title=\u00a0\u00bbNekor\u00a0\u00bb tab_id=\u00a0\u00bbnekor\u00a0\u00bb][vc_column_text]Nico Greyling\r\nTel:057-396-6502\r\nFax:057-396-6498\r\nCell:082-572-0066\r\nEmail:nobopro11@vodamail.co.za\r\n\r\nPO Box 101, Odendaalsrus 9480\r\n8th Street ,Voorspoed, East Welkom\r\n\r\nVAT: 4370162994[\/vc_column_text][\/vc_tta_section][vc_tta_section title=\u00a0\u00bbNorth Coast Cranes and Lifting\u00a0\u00bb tab_id=\u00a0\u00bbnorthcoastcranes\u00a0\u00bb][vc_column_text]Mark Smith\r\nFrikkie Opperman\r\nTel:035-751-1865\r\nFax:035-751-1870\r\nEmail:nccranes@telkomsa.net\r\n\r\nPO Box 103163, Meersensee 3901\r\nUnit 11 Bermart Prk, Crystal Bond St, Alton, Richards Bay\r\n\r\nVAT: 4130134044[\/vc_column_text][\/vc_tta_section][vc_tta_section title=\u00a0\u00bbPremier Load Testing and Services CC\u00a0\u00bb tab_id=\u00a0\u00bbpremierloadtesting\u00a0\u00bb][vc_column_text]Piet Dreyer\r\nTel:014-940-0123\/0124\r\nFax:086-545-4265\r\nCell:072-711-9510\r\nEmail:pietdreyer@mweb.co.za\r\n\r\nPostnet Suite 460, Private Bag X82245, Rustenburg 0300\r\n\r\nVAT: 4950247371\r\n[\/vc_column_text][\/vc_tta_section][\/vc_tta_accordion][\/vc_column][vc_column width=\u00a0\u00bb1\/2&Prime;]<h1 class=\"vcex-module vcex-heading vcex-heading-plain vc_custom_1539846875159\"><span class=\"vcex-heading-inner clr\">Soci\u00e9t\u00e9s associ\u00e9es<\/span><\/h1>[vc_tta_accordion][vc_tta_section title=\u00a0\u00bbBB Cranes (PTY) LTD.\u00a0\u00bb tab_id=\u00a0\u00bbbbcranesltd\u00a0\u00bb][vc_column_text]Barry Brink\r\nTel:021-511-9766\r\nFax:021-511-9858\r\nEmail:bbcranes@telkomsa.net\r\n\r\nPO Box 7286 ,Roggenbaai, 8012\r\n35 Gray Street, Paardan Eiland\r\n\r\nVAT: 4730134295[\/vc_column_text][\/vc_tta_section][vc_tta_section title=\u00a0\u00bbCrane Centre Properties (Pty) Ltd.\u00a0\u00bb tab_id=\u00a0\u00bbcranecentre\u00a0\u00bb][vc_column_text]Crane Centre Properties (Pty) Ltd.\r\nJohannesburg, South Africa[\/vc_column_text][\/vc_tta_section][vc_tta_section title=\u00a0\u00bbRoky (Pty) Ltd.\u00a0\u00bb tab_id=\u00a0\u00bbrokyltd\u00a0\u00bb][vc_column_text]Roky (Pty) Ltd.\r\nJohannesburg, South Africa[\/vc_column_text][\/vc_tta_section][vc_tta_section title=\u00a0\u00bbYamuna Trading (Pty) Ltd.\u00a0\u00bb tab_id=\u00a0\u00bbyamunatrading\u00a0\u00bb][vc_column_text]Yamuna Trading (Pty) Ltd.\r\nCape Town[\/vc_column_text][\/vc_tta_section][vc_tta_section title=\u00a0\u00bbS A I N S A\u00a0\u00bb tab_id=\u00a0\u00bbsainsa\u00a0\u00bb][vc_column_text]S A I N S A\r\nSantiago, Chile[\/vc_column_text][\/vc_tta_section][vc_tta_section title=\u00a0\u00bbT M L K OOD\u00a0\u00bb tab_id=\u00a0\u00bbtmlkood\u00a0\u00bb][vc_column_text]T M L K OOD\r\nDryanovo, Bulgaria[\/vc_column_text][\/vc_tta_section][vc_tta_section title=\u00a0\u00bbCONDRA BULGARIA\u00a0\u00bb tab_id=\u00a0\u00bbcondrabulgaria\u00a0\u00bb][vc_column_text]Condra Bulgaria\r\nBulgaria[\/vc_column_text][\/vc_tta_section][vc_tta_section title=\u00a0\u00bbCONDRA SA CHILE\u00a0\u00bb tab_id=\u00a0\u00bbcondrachile\u00a0\u00bb][vc_column_text]Condra Sa Chile\r\nChile, South America[\/vc_column_text][\/vc_tta_section][vc_tta_section title=\u00a0\u00bbMANTEX\u00a0\u00bb tab_id=\u00a0\u00bbmantex\u00a0\u00bb][vc_column_text]Mantex\r\nChile, South America[\/vc_column_text][\/vc_tta_section][vc_tta_section title=\u00a0\u00bbNIMIX\u00a0\u00bb tab_id=\u00a0\u00bbnimix\u00a0\u00bb][vc_column_text]Nimix\r\nBulgaria[\/vc_column_text][\/vc_tta_section][vc_tta_section title=\u00a0\u00bbENERGO PROFIT LTD\u00a0\u00bb tab_id=\u00a0\u00bbenergoprofit\u00a0\u00bb][vc_column_text]Energo Profit Ltd\r\nRussia[\/vc_column_text][\/vc_tta_section][vc_tta_section title=\u00a0\u00bbDUNETON\u00a0\u00bb tab_id=\u00a0\u00bb1554198520754-b86173fd-faa6&Prime;][vc_column_text]Duneton\r\nBotswana[\/vc_column_text][\/vc_tta_section][vc_tta_section title=\u00a0\u00bbK L S\u00a0\u00bb tab_id=\u00a0\u00bb1554198520262-2503259d-c017&Prime;][vc_column_text]K L S\r\nCongo Kolwezi[\/vc_column_text][\/vc_tta_section][vc_tta_section title=\u00a0\u00bbE C MINING\u00a0\u00bb tab_id=\u00a0\u00bb1554198518804-a3ee7da6-eef6&Prime;][vc_column_text]E C Mining\r\nZambia[\/vc_column_text][\/vc_tta_section][vc_tta_section title=\u00a0\u00bbINDOC\u00a0\u00bb tab_id=\u00a0\u00bb1554198518271-40b9bba0-9100&Prime;][vc_column_text]Indoc\r\nCanada[\/vc_column_text][\/vc_tta_section][vc_tta_section title=\u00a0\u00bbTisicon OOD\u00a0\u00bb tab_id=\u00a0\u00bb1554198710961-72c3e738-746e\u00a0\u00bb][vc_column_text]Dryanovo\r\nBulgaria [\/vc_column_text][\/vc_tta_section][\/vc_tta_accordion][\/vc_column][\/vc_row]<\/div>","protected":false},"excerpt":{"rendered":"[vc_row][vc_column][vc_column_text] Nous vous invitons \u00e0 nous soumettre vos commentaires et nous r\u00e9pondrons \u00e0 toutes vos questions aussi rapidement que possible. Avez- vous des exigences particuli\u00e8res ou des enjeux op\u00e9rationnels\u00a0? Veuillez utiliser cette page pour nous en faire part. [\/vc_column_text][\/vc_column][\/vc_row][vc_row full_width=\u00a0\u00bbstretch_row_content_no_spaces\u00a0\u00bb&hellip;","protected":false},"author":1,"featured_media":6216,"parent":0,"menu_order":0,"comment_status":"closed","ping_status":"closed","template":"templates\/no-sidebar.php","meta":{"footnotes":""},"class_list":["post-5475","page","type-page","status-publish","has-post-thumbnail","hentry","entry","has-media"],"_links":{"self":[{"href":"https:\/\/condra.co.za\/fr\/wp-json\/wp\/v2\/pages\/5475","targetHints":{"allow":["GET"]}}],"collection":[{"href":"https:\/\/condra.co.za\/fr\/wp-json\/wp\/v2\/pages"}],"about":[{"href":"https:\/\/condra.co.za\/fr\/wp-json\/wp\/v2\/types\/page"}],"author":[{"embeddable":true,"href":"https:\/\/condra.co.za\/fr\/wp-json\/wp\/v2\/users\/1"}],"replies":[{"embeddable":true,"href":"https:\/\/condra.co.za\/fr\/wp-json\/wp\/v2\/comments?post=5475"}],"version-history":[{"count":23,"href":"https:\/\/condra.co.za\/fr\/wp-json\/wp\/v2\/pages\/5475\/revisions"}],"predecessor-version":[{"id":8671,"href":"https:\/\/condra.co.za\/fr\/wp-json\/wp\/v2\/pages\/5475\/revisions\/8671"}],"wp:featuredmedia":[{"embeddable":true,"href":"https:\/\/condra.co.za\/fr\/wp-json\/wp\/v2\/media\/6216"}],"wp:attachment":[{"href":"https:\/\/condra.co.za\/fr\/wp-json\/wp\/v2\/media?parent=5475"}],"curies":[{"name":"wp","href":"https:\/\/api.w.org\/{rel}","templated":true}]}}