{"id":5463,"date":"2015-11-24T00:00:00","date_gmt":"2015-11-24T00:00:00","guid":{"rendered":"http:\/\/localhost\/2018\/condra\/components\/"},"modified":"2018-12-03T10:11:43","modified_gmt":"2018-12-03T10:11:43","slug":"composants","status":"publish","type":"page","link":"https:\/\/condra.co.za\/fr\/composants\/","title":{"rendered":"Composants Et Sous-Ensembles"},"content":{"rendered":"<div class=\"wpb-content-wrapper\">[vc_row][vc_column][vc_column_text]En dehors de la conception et de la fabrication de syst\u00e8mes complets de ponts roulants, nous offrons des solutions adapt\u00e9es \u00e0 toute requ\u00eate en mati\u00e8re de composants individuels.\r\n\r\nLes constructeurs de ponts roulants du monde entier n\u2019ont plus besoin de traiter avec plusieurs prestataires pour les composants n\u00e9cessaires \u00e0 l\u2019assemblage final. Condra offre \u00e0 ses clients des composants adapt\u00e9s \u00e0 leurs besoins, qu\u2019il s\u2019agisse de treuils, chariots, blocs inf\u00e9rieurs, sommiers, d\u00e9rouleurs-enrouleurs de c\u00e2bles, syst\u00e8mes de c\u00e2bles en boucles ou syst\u00e8mes de conducteurs ferm\u00e9s.\r\n\r\n<img loading=\"lazy\" decoding=\"async\" class=\"alignleft size-full wp-image-5698\" src=\"\/wp-content\/uploads\/2015\/12\/Direct_Drives.jpg\" alt=\"\" width=\"210\" height=\"192\" \/>Divers groupes d\u2019entra\u00eenements (plus grande distance) peuvent \u00eatre fournis selon les sp\u00e9cifications de nos clients, en version monopoutre ou bipoutre. Nous avons aussi un choix de sommiers standard \u00e0 deux vitesses (vitesse variable sur demande), bogies et galets de renvoi de 125 mm \u00e0 630 mm de diam\u00e8tre, roues motrices et autres composants associ\u00e9s.\r\n\r\nNos composants sont exp\u00e9di\u00e9s directement de notre usine de Germiston, dans des d\u00e9lais tr\u00e8s courts. Une conception polyvalente et un design robuste sont les caract\u00e9ristiques de notre gamme extensive de composants standard. Des stocks importants nous permettent de r\u00e9pondre \u00e0 la demande en temps record. Les volumes de production \u00e9lev\u00e9s de nos composants standards signifient que leur prix sont souvent bien inf\u00e9rieurs \u00e0 ceux de nos concurrents.[\/vc_column_text][\/vc_column][\/vc_row]<\/div>","protected":false},"excerpt":{"rendered":"[vc_row][vc_column][vc_column_text]En dehors de la conception et de la fabrication de syst\u00e8mes complets de ponts roulants, nous offrons des solutions adapt\u00e9es \u00e0 toute requ\u00eate en mati\u00e8re de composants individuels. Les constructeurs de ponts roulants du monde entier n\u2019ont plus besoin de&hellip;","protected":false},"author":1,"featured_media":4995,"parent":0,"menu_order":0,"comment_status":"closed","ping_status":"closed","template":"","meta":{"footnotes":""},"class_list":["post-5463","page","type-page","status-publish","has-post-thumbnail","hentry","entry","has-media"],"_links":{"self":[{"href":"https:\/\/condra.co.za\/fr\/wp-json\/wp\/v2\/pages\/5463","targetHints":{"allow":["GET"]}}],"collection":[{"href":"https:\/\/condra.co.za\/fr\/wp-json\/wp\/v2\/pages"}],"about":[{"href":"https:\/\/condra.co.za\/fr\/wp-json\/wp\/v2\/types\/page"}],"author":[{"embeddable":true,"href":"https:\/\/condra.co.za\/fr\/wp-json\/wp\/v2\/users\/1"}],"replies":[{"embeddable":true,"href":"https:\/\/condra.co.za\/fr\/wp-json\/wp\/v2\/comments?post=5463"}],"version-history":[{"count":4,"href":"https:\/\/condra.co.za\/fr\/wp-json\/wp\/v2\/pages\/5463\/revisions"}],"predecessor-version":[{"id":6113,"href":"https:\/\/condra.co.za\/fr\/wp-json\/wp\/v2\/pages\/5463\/revisions\/6113"}],"wp:featuredmedia":[{"embeddable":true,"href":"https:\/\/condra.co.za\/fr\/wp-json\/wp\/v2\/media\/4995"}],"wp:attachment":[{"href":"https:\/\/condra.co.za\/fr\/wp-json\/wp\/v2\/media?parent=5463"}],"curies":[{"name":"wp","href":"https:\/\/api.w.org\/{rel}","templated":true}]}}