{"id":5455,"date":"2015-12-07T00:00:00","date_gmt":"2015-12-07T00:00:00","guid":{"rendered":"http:\/\/localhost\/2018\/condra\/?page_id=5455\/"},"modified":"2018-11-20T09:56:32","modified_gmt":"2018-11-20T09:56:32","slug":"appareils-de-levage","status":"publish","type":"page","link":"https:\/\/condra.co.za\/fr\/appareils-de-levage\/","title":{"rendered":"Appareils de Levage"},"content":{"rendered":"<div class=\"wpb-content-wrapper\">[vc_row][vc_column width=\u00a0\u00bb1\/2&Prime;][vc_single_image image=\u00a0\u00bb5926&Prime;][vc_column_text]\r\n<h1>S\u00c9RIE K<br \/>\r\n(capacit\u00e9 maximale de 250 t \u2013 version standard et grande hauteur de levage)<\/h1>\r\n<p>Fabriqu\u00e9s depuis 1972, les treuils robustes et fiables de la s\u00e9rie K de Condra ont \u00e9t\u00e9 install\u00e9s dans le monde entier, sous des conditions de fonctionnement extr\u00eamement vari\u00e9es et en trois combinaisons principales : \u00e0 poste fixe ou dot\u00e9s de chariots en version monorail ou birail. Les syst\u00e8mes de levage et de mouflage incluent un relevage du milieu.<\/p>\r\n<ul>\r\n<li>Les treuils enti\u00e8rement ferm\u00e9s offrent des capacit\u00e9s de levage maximales de 32 t, alors que la capacit\u00e9 des treuils ouverts \u00e9quip\u00e9s de tambours peut d\u00e9passer les 250 t.<\/li>\r\n<li>Tous nos mod\u00e8les comprennent les caract\u00e9ristiques suivantes : freins \u00e0 disque \u00e9lectromagn\u00e9tiques CC, moteurs pour tailles de ch\u00e2ssis standard \u00e0 rotors parall\u00e8les, interrupteurs de fin de course \u00e0 double action, guides-c\u00e2bles en bronze massif et bo\u00eetes de vitesses lubrifi\u00e9es par barbotage enti\u00e8rement ferm\u00e9es. Des vitesses variables sont disponibles sur demande.<\/li>\r\n<li>La s\u00e9rie K est le leader sur le march\u00e9 des applications \u00e0 grande hauteur de levage, avec des installations atteignant des hauteurs de levage de 150 m\u00e8tres. Dans les conditions de contrainte m\u00e9canique de plus en plus s\u00e9v\u00e8res qui sont celles de ce type d\u2019applications, nos treuils sont synonymes de fiabilit\u00e9, long\u00e9vit\u00e9 et solidit\u00e9.<\/li>\r\n<li>Notre large gamme de composants standard produits en grande s\u00e9rie assure la disponibilit\u00e9 imm\u00e9diate des pi\u00e8ces de rechange, un rapport prix-qualit\u00e9 avantageux, des co\u00fbts d\u2019entretien r\u00e9duits et par cons\u00e9quent un meilleur retour sur investissement.<\/li>\r\n<\/ul>\r\n<div class=\"clear\"><\/div>[\/vc_column_text][vc_single_image image=\u00a0\u00bb5927&Prime;][vc_column_text]\r\n<h1>S\u00c9RIE TITAN \u2013 Type SH<br \/>\r\n(capacit\u00e9 maximale de 16 t)<\/h1>\r\n<p>Les treuils de la s\u00e9rie Titan de type SH de Condra sont con\u00e7us pour rentabiliser au maximum l\u2019espace disponible des halls \u2013 hauteur libre et surface utile \u2013 pour des capacit\u00e9s de levage allant jusqu\u2019\u00e0 16 t.<\/p>\r\n<p>Consolidant les excellents r\u00e9sultats de la s\u00e9rie K, notre nouvelle conception a r\u00e9duit la taille de nombreux composants originaux et, par cons\u00e9quent, la hauteur de l\u2019assemblage final pour aboutir \u00e0 un profil inf\u00e9rieur d\u2019environ 20 % au mod\u00e8le pr\u00e9c\u00e9dent et \u00e0 une hauteur de levage plus importante.<\/p>\r\n<p>Parmi les nombreuses autres caract\u00e9ristiques du type SH se trouvent quelques nouvelles touches telles que m\u00e9canisme de tension automatique, d\u00e9marrage et freinage en douceur, limiteur de charge incorpor\u00e9, entra\u00eenement direct normalis\u00e9 et chariot universel.<div class=\"clear\"><\/div>[\/vc_column_text][\/vc_column][vc_column width=\u00a0\u00bb1\/2&Prime;][vc_single_image image=\u00a0\u00bb5924&Prime;][vc_column_text]\r\n<h1>S\u00c9RIE TITAN \u2013 Type COMPACT<br \/>\r\n(capacit\u00e9 maximale de 32 t)<\/h1>\r\n<p>Les treuils de la s\u00e9rie Titan de type Compact de Condra pr\u00e9sentent toutes les capacit\u00e9s modulaires de la s\u00e9rie K, pour n\u2019importe quelle application, mais sont d\u2019une conception plus raffin\u00e9e et plus compacte pour une capacit\u00e9 de levage maximale de 32 t.<\/p>\r\n<ul>\r\n<li>Tous nos mod\u00e8les comprennent les caract\u00e9ristiques suivantes : freins \u00e0 disque \u00e9lectromagn\u00e9tiques CC, moteurs pour tailles de ch\u00e2ssis standard \u00e0 rotors parall\u00e8les, interrupteurs de fin de course \u00e0 double action, guides-c\u00e2bles en bronze massif et bo\u00eetes de vitesses lubrifi\u00e9es par barbotage enti\u00e8rement ferm\u00e9es.<\/li>\r\n<li>Parmi les nombreuses autres caract\u00e9ristiques du type Compact se trouvent quelques nouvelles touches telles que m\u00e9canisme de tension automatique, d\u00e9marrage et freinage en douceur, limiteur de charge incorpor\u00e9, entra\u00eenement direct normalis\u00e9 et chariot universel.<\/li>\r\n<li>Notre large gamme de composants standard produits en grande s\u00e9rie assure la disponibilit\u00e9 imm\u00e9diate des pi\u00e8ces de rechange et un rapport prix-qualit\u00e9 avantageux se traduisant par de fortes \u00e9conomies sur la dur\u00e9e de vie utile du treuil.<\/li>\r\n<\/ul>\r\n<div class=\"clear\"><\/div>[\/vc_column_text][\/vc_column][\/vc_row]\r\n<\/div>","protected":false},"excerpt":{"rendered":"[vc_row][vc_column width=\u00a0\u00bb1\/2&Prime;][vc_single_image image=\u00a0\u00bb5926&Prime;][vc_column_text] S\u00c9RIE K (capacit\u00e9 maximale de 250 t \u2013 version standard et grande hauteur de levage) Fabriqu\u00e9s depuis 1972, les treuils robustes et fiables de la s\u00e9rie K de Condra ont \u00e9t\u00e9 install\u00e9s dans le monde entier, sous&hellip;","protected":false},"author":1,"featured_media":4995,"parent":0,"menu_order":0,"comment_status":"closed","ping_status":"closed","template":"","meta":{"footnotes":""},"class_list":["post-5455","page","type-page","status-publish","has-post-thumbnail","hentry","entry","has-media"],"_links":{"self":[{"href":"https:\/\/condra.co.za\/fr\/wp-json\/wp\/v2\/pages\/5455","targetHints":{"allow":["GET"]}}],"collection":[{"href":"https:\/\/condra.co.za\/fr\/wp-json\/wp\/v2\/pages"}],"about":[{"href":"https:\/\/condra.co.za\/fr\/wp-json\/wp\/v2\/types\/page"}],"author":[{"embeddable":true,"href":"https:\/\/condra.co.za\/fr\/wp-json\/wp\/v2\/users\/1"}],"replies":[{"embeddable":true,"href":"https:\/\/condra.co.za\/fr\/wp-json\/wp\/v2\/comments?post=5455"}],"version-history":[{"count":7,"href":"https:\/\/condra.co.za\/fr\/wp-json\/wp\/v2\/pages\/5455\/revisions"}],"predecessor-version":[{"id":6077,"href":"https:\/\/condra.co.za\/fr\/wp-json\/wp\/v2\/pages\/5455\/revisions\/6077"}],"wp:featuredmedia":[{"embeddable":true,"href":"https:\/\/condra.co.za\/fr\/wp-json\/wp\/v2\/media\/4995"}],"wp:attachment":[{"href":"https:\/\/condra.co.za\/fr\/wp-json\/wp\/v2\/media?parent=5455"}],"curies":[{"name":"wp","href":"https:\/\/api.w.org\/{rel}","templated":true}]}}