{"id":5448,"date":"2015-12-07T00:00:00","date_gmt":"2015-12-07T00:00:00","guid":{"rendered":"http:\/\/localhost\/2018\/condra\/products-range\/"},"modified":"2019-01-14T08:07:24","modified_gmt":"2019-01-14T08:07:24","slug":"produits","status":"publish","type":"page","link":"https:\/\/condra.co.za\/fr\/produits\/","title":{"rendered":"Produits"},"content":{"rendered":"<div class=\"wpb-content-wrapper\">[vc_row][vc_column][vc_column_text]<span class=\"bg-green\" style=\"font-size: 20px;\"><strong>Treuils fabriqu\u00e9s selon les normes FEM<\/strong><\/span>[\/vc_column_text][\/vc_column][vc_column width=\u00a0\u00bb2\/5&Prime;][vc_single_image image=\u00a0\u00bb6205&Prime;][\/vc_column][vc_column width=\u00a0\u00bb3\/5&Prime;][vc_column_text]Les ponts roulants de Condra peuvent \u00eatre \u00e9quip\u00e9s de crochets, de bennes preneuses, d\u2019\u00e9lectro-aimants, de poches de coul\u00e9e, de godets ou de dispositifs \u00e0 gerber et leurs d\u00e9placements peuvent \u00eatre manuels, \u00e9lectriques ou une combinaison des deux.<\/p>\r\n<p>Nos produits embl\u00e9matiques incluent:<\/p>\r\n<ul>\r\n<li>Treuils \u00e0 c\u00e2ble m\u00e9caniques et composants \u2013 treuils et sommiers<\/li>\r\n<li>Ponts monopoutre ou bipoutre<\/li>\r\n<li>Grues-portiques ou \u00e0 semi-portique<\/li>\r\n<li>Ponts-portiques ou semi-portiques<\/li>\r\n<li>Grues \u00e0 potence (colonne, fl\u00e8che et mur)<\/li>\r\n<\/ul>\r\n[\/vc_column_text][\/vc_column][vc_column][vc_column_text]Nos ponts roulants sont fabriqu\u00e9s selon des sp\u00e9cificit\u00e9s techniques particuli\u00e8res \u00e0 partir de quelque 250 sous-ensembles dont les principaux composants consistent en treuils, entra\u00eenements, sommiers, freins, bo\u00eetes de vitesses et moteurs. Tous ces sous-ensembles sont fabriqu\u00e9s par Condra.<\/p>\r\n<p>Les treuils sont fabriqu\u00e9s dans un certain nombre de mod\u00e8les standard adapt\u00e9s \u00e0 la plupart des applications mini\u00e8res, industrielles et g\u00e9n\u00e9rales allant de 1 t \u00e0 500 t. Les crochets fabriqu\u00e9s selon les normes FEM en plusieurs configurations (1, 2, 4, 6 ou 8 c\u00e2bles), pour des capacit\u00e9s de levage allant de 1 t \u00e0 32 t, sont disponibles en stock. Ceux qui s\u2019adressent \u00e0 des applications sp\u00e9cifiques et des capacit\u00e9s de levage exc\u00e9dant 150 t sont fournis sur demande. Nous fournissons \u00e9galement des syst\u00e8mes de c\u00e2bles en boucles et des syst\u00e8mes de conducteurs, ferm\u00e9s ou \u00e0 fil nu.<\/p>\r\n<p>Seul distributeur sud-africain de treuils \u00e0 cha\u00eene Hitachi, Condra vous donne d\u00e9sormais acc\u00e8s \u00e0 un guichet unique. Avec la gamme de produits Hitachi, Condra peut en effet vous proposer des appareils de levage d\u2019une capacit\u00e9 de charge de 250 kg \u00e0 500 t dans toutes les cat\u00e9gories et des syst\u00e8mes d\u2019entra\u00eenement \u00e0 une vitesse, deux vitesses ou \u00e0 vitesse variable.[\/vc_column_text][\/vc_column][\/vc_row]\r\n<\/div>","protected":false},"excerpt":{"rendered":"[vc_row][vc_column][vc_column_text]Treuils fabriqu\u00e9s selon les normes FEM[\/vc_column_text][\/vc_column][vc_column width=\u00a0\u00bb2\/5&Prime;][vc_single_image image=\u00a0\u00bb6205&Prime;][\/vc_column][vc_column width=\u00a0\u00bb3\/5&Prime;][vc_column_text]Les ponts roulants de Condra peuvent \u00eatre \u00e9quip\u00e9s de crochets, de bennes preneuses, d\u2019\u00e9lectro-aimants, de poches de coul\u00e9e, de godets ou de dispositifs \u00e0 gerber et leurs d\u00e9placements peuvent \u00eatre manuels, \u00e9lectriques&hellip;","protected":false},"author":1,"featured_media":4995,"parent":0,"menu_order":0,"comment_status":"closed","ping_status":"closed","template":"","meta":{"footnotes":""},"class_list":["post-5448","page","type-page","status-publish","has-post-thumbnail","hentry","entry","has-media"],"_links":{"self":[{"href":"https:\/\/condra.co.za\/fr\/wp-json\/wp\/v2\/pages\/5448","targetHints":{"allow":["GET"]}}],"collection":[{"href":"https:\/\/condra.co.za\/fr\/wp-json\/wp\/v2\/pages"}],"about":[{"href":"https:\/\/condra.co.za\/fr\/wp-json\/wp\/v2\/types\/page"}],"author":[{"embeddable":true,"href":"https:\/\/condra.co.za\/fr\/wp-json\/wp\/v2\/users\/1"}],"replies":[{"embeddable":true,"href":"https:\/\/condra.co.za\/fr\/wp-json\/wp\/v2\/comments?post=5448"}],"version-history":[{"count":8,"href":"https:\/\/condra.co.za\/fr\/wp-json\/wp\/v2\/pages\/5448\/revisions"}],"predecessor-version":[{"id":6206,"href":"https:\/\/condra.co.za\/fr\/wp-json\/wp\/v2\/pages\/5448\/revisions\/6206"}],"wp:featuredmedia":[{"embeddable":true,"href":"https:\/\/condra.co.za\/fr\/wp-json\/wp\/v2\/media\/4995"}],"wp:attachment":[{"href":"https:\/\/condra.co.za\/fr\/wp-json\/wp\/v2\/media?parent=5448"}],"curies":[{"name":"wp","href":"https:\/\/api.w.org\/{rel}","templated":true}]}}