{"id":5440,"date":"2018-10-16T07:19:47","date_gmt":"2018-10-16T07:19:47","guid":{"rendered":"http:\/\/localhost\/2018\/condra\/?page_id=5440\/"},"modified":"2019-03-27T13:02:41","modified_gmt":"2019-03-27T13:02:41","slug":"homepage","status":"publish","type":"page","link":"https:\/\/condra.co.za\/fr\/","title":{"rendered":"Accueil"},"content":{"rendered":"<div class=\"wpb-content-wrapper\">[vc_row full_width=\u00a0\u00bbstretch_row_content_no_spaces\u00a0\u00bb css=\u00a0\u00bb.vc_custom_1538551156684{padding-bottom: 20px !important;}\u00a0\u00bb][vc_column css=\u00a0\u00bb.vc_custom_1538551222671{border-bottom-width: 6px !important;border-bottom-color: #f15a21 !important;}\u00a0\u00bb][rev_slider_vc alias=\u00a0\u00bbhomeslider\u00a0\u00bb][\/vc_column][\/vc_row][vc_row column_spacing=\u00a0\u00bb40&Prime; tablet_fullwidth_cols=\u00a0\u00bbyes\u00a0\u00bb bg_style=\u00a0\u00bbstretch\u00a0\u00bb el_id=\u00a0\u00bbhome-content\u00a0\u00bb css=\u00a0\u00bb.vc_custom_1489893870906{padding-bottom: 20px !important;}\u00a0\u00bb][vc_column width=\u00a0\u00bb1\/2&Prime;][vc_single_image image=\u00a0\u00bb4995&Prime; img_size=\u00a0\u00bb500&#215;380&Prime;][\/vc_column][vc_column width=\u00a0\u00bb1\/2&Prime;]<h1 class=\"vcex-module vcex-heading vcex-heading-plain\" style=\"color:#f15a21;font-size:26px;\"><span class=\"vcex-heading-inner clr\">Nous Innovons<\/span><\/h1><h1 class=\"vcex-module vcex-heading vcex-heading-plain heading-polygons\" style=\"font-size:26px;line-height:30px;\"><span class=\"vcex-heading-inner clr\">depuis 1966!<\/span><\/h1>[vc_column_text css=\u00a0\u00bb.vc_custom_1539674488577{margin-top: 5px !important;}\u00a0\u00bb]<em>Notre expertise en ing\u00e9nierie, notre souplesse de conception et notre gamme \u00e9tendue de produits standardis\u00e9s nous ont plac\u00e9s parmi les leaders mondiaux.<\/em><\/p>\r\n<p><strong style=\"color: #f15a21;\">Condra <\/strong>s\u2019articule autour de quatre divisions principales : Design, Production, Service et Ventes. Nous concevons et fabriquons des appareils de levage jusqu\u2019\u00e0 la cat\u00e9gorie 4 (robuste) en conformit\u00e9 aux normes ISO, GOST et \u00e0 celles d\u2019autres organismes de contr\u00f4le de qualit\u00e9 internationalement reconnus.<\/p>\r\n<p>L\u2019application rigoureuse des normes de fabrication garantit la livraison d\u2019appareils de levage ayant un excellent rapport prix-qualit\u00e9 et un tr\u00e8s haut niveau de performance. Notre philosophie qui repose sur un \u00ab entretien simplifi\u00e9 gr\u00e2ce \u00e0 une conception fonctionnelle \u00bb est au c\u0153ur de notre r\u00e9putation de fiabilit\u00e9 m\u00e9canique. Tous nos responsables de vente sont des ing\u00e9nieurs qualifi\u00e9s.[\/vc_column_text][\/vc_column][vc_column][vc_row_inner el_id=\u00a0\u00bbcondra-buttons\u00a0\u00bb][vc_column_inner width=\u00a0\u00bb1\/3&Prime; css=\u00a0\u00bb.vc_custom_1538999367008{margin-bottom: 0px !important;padding-bottom: 0px !important;}\u00a0\u00bb]<div class=\"textcenter theme-button-wrap clr\"><a href=\"\/fr\/essais-en-charge\/\" class=\"vcex-button theme-button large align-center inline animate-on-hover\" style=\"padding-top:20px;padding-right:40px;padding-bottom:20px;padding-left:40px;border-radius:0px;width:100%;\"><span class=\"theme-button-inner\"><span class=\"vcex-icon-wrap theme-button-icon-left\"><span class=\"fa fa-check-square\"><\/span><\/span>Essais en charge<\/span><\/a><\/div> [\/vc_column_inner][vc_column_inner width=\u00a0\u00bb1\/3&Prime; css=\u00a0\u00bb.vc_custom_1538999426048{margin-bottom: 0px !important;padding-bottom: 0px !important;}\u00a0\u00bb]<div class=\"textcenter theme-button-wrap clr\"><a href=\"\/fr\/manuels-de-levage\/\" class=\"vcex-button theme-button large align-center inline animate-on-hover\" style=\"padding-top:20px;padding-right:40px;padding-bottom:20px;padding-left:40px;border-radius:0px;width:100%;\"><span class=\"theme-button-inner\"><span class=\"vcex-icon-wrap theme-button-icon-left\"><span class=\"fa fa-cogs\"><\/span><\/span>Entretien et utilisation<\/span><\/a><\/div> [\/vc_column_inner][vc_column_inner width=\u00a0\u00bb1\/3&Prime; css=\u00a0\u00bb.vc_custom_1538999433527{margin-bottom: 0px !important;padding-bottom: 0px !important;}\u00a0\u00bb]<div class=\"textcenter theme-button-wrap clr\"><a href=\"\/fr\/contacts\/\" class=\"vcex-button theme-button large align-center inline animate-on-hover\" style=\"padding-top:20px;padding-right:40px;padding-bottom:20px;padding-left:40px;border-radius:0px;width:100%;\"><span class=\"theme-button-inner\"><span class=\"vcex-icon-wrap theme-button-icon-left\"><span class=\"fa fa-phone\"><\/span><\/span>Contacts dans le monde<\/span><\/a><\/div> [\/vc_column_inner][\/vc_row_inner][\/vc_column][\/vc_row][vc_row full_width=\u00a0\u00bbstretch_row\u00a0\u00bb bg_style=\u00a0\u00bbstretch\u00a0\u00bb css=\u00a0\u00bb.vc_custom_1553691756804{border-top-width: 1px !important;padding-top: 50px !important;padding-bottom: 50px !important;background-image: url(\/wp-content\/uploads\/2019\/03\/condra-home-bg-dark1.jpg?id=6216) !important;background-position: center !important;background-repeat: no-repeat !important;background-size: cover !important;border-top-style: solid !important;}\u00a0\u00bb wpex_bg_position=\u00a0\u00bbcenter 70%\u00a0\u00bb][vc_column margin_bottom=\u00a0\u00bb0px\u00a0\u00bb][vc_single_image image=\u00a0\u00bb6102&Prime; el_id=\u00a0\u00bbcondralogo\u00a0\u00bb][vc_column_text text_align=\u00a0\u00bbleft\u00a0\u00bb font_weight=\u00a0\u00bb400&Prime; color=\u00a0\u00bb#ffffff\u00a0\u00bb font_size=\u00a0\u00bb26px\u00a0\u00bb line_height=\u00a0\u00bb32px\u00a0\u00bb css=\u00a0\u00bb.vc_custom_1544532362101{padding-top: 10px !important;}\u00a0\u00bb]Fabriqu\u00e9s en Afrique du Sud.<br \/>\r\nSites de production en Bulgarie et au Chili.[\/vc_column_text][\/vc_column][\/vc_row][vc_row css=\u00a0\u00bb.vc_custom_1538991474461{padding-top: 40px !important;}\u00a0\u00bb][vc_column el_id=\u00a0\u00bbcondra-news\u00a0\u00bb]<h1 class=\"vcex-module vcex-heading vcex-heading-plain\" style=\"color:#f15a21;font-size:26px;text-align:center;\"><span class=\"vcex-heading-inner clr\">Condra<\/span><\/h1><h1 class=\"vcex-module vcex-heading vcex-heading-plain heading-polygons\" style=\"font-size:26px;text-align:center;line-height:30px;\"><span class=\"vcex-heading-inner clr\">Actualit\u00e9s<\/span><\/h1><div class=\"vcex-module vcex-recent-news clr wpex-row vc_custom_1540372318246\"><div class=\"col span_1_of_3 vcex-recent-news-entry-wrap col-1\"><article class=\"vcex-recent-news-entry clr post-8722 post type-post status-publish format-standard has-post-thumbnail hentry category-actualites entry has-media\"><div class=\"vcex-recent-news-date\"><span class=\"day\">09<\/span><span class=\"month\"><span>Oct<\/span> <span class=\"year\">25<\/span><\/span><\/div><div class=\"vcex-news-entry-details clr\"><div class=\"vcex-news-entry-thumbnail clr\"><a href=\"https:\/\/condra.co.za\/fr\/canada-australia-bet-south-african\/\" title=\"CANADA, AUSTRALIA BET SOUTH AFRICAN\"><img loading=\"lazy\" decoding=\"async\" alt=\"CANADA, AUSTRALIA BET SOUTH AFRICAN\" src=\"https:\/\/condra.co.za\/wp-content\/uploads\/2025\/10\/Photo-B-Condra-jib-crane-350x240.jpg\" data-no-retina width=\"350\" height=\"240\" \/><\/a><\/div><header class=\"vcex-recent-news-entry-title entry-title\"><h3 class=\"vcex-recent-news-entry-title-heading\" style=\"font-size:20px;\"><a href=\"https:\/\/condra.co.za\/fr\/canada-australia-bet-south-african\/\">CANADA, AUSTRALIA BET SOUTH AFRICAN<\/a><\/h3><\/header><div class=\"vcex-recent-news-entry-excerpt clr\"><div class=\"entry\" style=\"color:#000000;\"><p>Consulting firms in Canada and Australia have placed multiple orders on a South African company to manufacture cranes, hoists and other lifting equipment for mine&hellip;<\/p><\/div><a href=\"https:\/\/condra.co.za\/fr\/canada-australia-bet-south-african\/\" class=\"theme-txt-link\" style=\"color:#f15a21;\">Read More<span class=\"vcex-readmore-rarr\">&rarr;<\/span><\/a><\/div><\/div><\/article><\/div><div class=\"col span_1_of_3 vcex-recent-news-entry-wrap col-2\"><article class=\"vcex-recent-news-entry clr post-8690 post type-post status-publish format-standard has-post-thumbnail hentry category-actualites entry has-media\"><div class=\"vcex-recent-news-date\"><span class=\"day\">02<\/span><span class=\"month\"><span>Sep<\/span> <span class=\"year\">25<\/span><\/span><\/div><div class=\"vcex-news-entry-details clr\"><div class=\"vcex-news-entry-thumbnail clr\"><a href=\"https:\/\/condra.co.za\/fr\/portal-cranes-for-ghana-saudi-arabia\/\" title=\"PORTAL CRANES FOR GHANA &#038; SAUDI ARABIA\"><img loading=\"lazy\" decoding=\"async\" alt=\"PORTAL CRANES FOR GHANA &#038; SAUDI ARABIA\" src=\"https:\/\/condra.co.za\/wp-content\/uploads\/2025\/09\/Photo-B-SMIDTHCRANES-350x240.jpg\" data-no-retina width=\"350\" height=\"240\" \/><\/a><\/div><header class=\"vcex-recent-news-entry-title entry-title\"><h3 class=\"vcex-recent-news-entry-title-heading\" style=\"font-size:20px;\"><a href=\"https:\/\/condra.co.za\/fr\/portal-cranes-for-ghana-saudi-arabia\/\">PORTAL CRANES FOR GHANA &#038; SAUDI ARABIA<\/a><\/h3><\/header><div class=\"vcex-recent-news-entry-excerpt clr\"><div class=\"entry\" style=\"color:#000000;\"><p>Mining engineering company FL Smidth (FLS) has decommissioned a 10-ton Condra portal crane in Mozambique to use in a company workshop in Ghana. Two new&hellip;<\/p><\/div><a href=\"https:\/\/condra.co.za\/fr\/portal-cranes-for-ghana-saudi-arabia\/\" class=\"theme-txt-link\" style=\"color:#f15a21;\">Read More<span class=\"vcex-readmore-rarr\">&rarr;<\/span><\/a><\/div><\/div><\/article><\/div><div class=\"col span_1_of_3 vcex-recent-news-entry-wrap col-3\"><article class=\"vcex-recent-news-entry clr post-8656 post type-post status-publish format-standard has-post-thumbnail hentry category-actualites entry has-media\"><div class=\"vcex-recent-news-date\"><span class=\"day\">03<\/span><span class=\"month\"><span>Juil<\/span> <span class=\"year\">25<\/span><\/span><\/div><div class=\"vcex-news-entry-details clr\"><div class=\"vcex-news-entry-thumbnail clr\"><a href=\"https:\/\/condra.co.za\/fr\/cranes-speed-up-grain-planter-production\/\" title=\"CRANES SPEED UP GRAIN-PLANTER PRODUCTION\"><img loading=\"lazy\" decoding=\"async\" alt=\"CRANES SPEED UP GRAIN-PLANTER PRODUCTION\" src=\"https:\/\/condra.co.za\/wp-content\/uploads\/2025\/07\/Photo-B-COMMISSIONED-350x240.jpg\" data-no-retina width=\"350\" height=\"240\" \/><\/a><\/div><header class=\"vcex-recent-news-entry-title entry-title\"><h3 class=\"vcex-recent-news-entry-title-heading\" style=\"font-size:20px;\"><a href=\"https:\/\/condra.co.za\/fr\/cranes-speed-up-grain-planter-production\/\">CRANES SPEED UP GRAIN-PLANTER PRODUCTION<\/a><\/h3><\/header><div class=\"vcex-recent-news-entry-excerpt clr\"><div class=\"entry\" style=\"color:#000000;\"><p>BB Cranes has completed the installation and commissioning of five overhead cranes at Rovic\u2019s new agricultural machinery factory in Blackheath, Cape Town. Manufactured by BB&hellip;<\/p><\/div><a href=\"https:\/\/condra.co.za\/fr\/cranes-speed-up-grain-planter-production\/\" class=\"theme-txt-link\" style=\"color:#f15a21;\">Read More<span class=\"vcex-readmore-rarr\">&rarr;<\/span><\/a><\/div><\/div><\/article><\/div><\/div>[\/vc_column][\/vc_row]\r\n<\/div>","protected":false},"excerpt":{"rendered":"[vc_row full_width=\u00a0\u00bbstretch_row_content_no_spaces\u00a0\u00bb css=\u00a0\u00bb.vc_custom_1538551156684{padding-bottom: 20px !important;}\u00a0\u00bb][vc_column css=\u00a0\u00bb.vc_custom_1538551222671{border-bottom-width: 6px !important;border-bottom-color: #f15a21 !important;}\u00a0\u00bb][rev_slider_vc alias=\u00a0\u00bbhomeslider\u00a0\u00bb][\/vc_column][\/vc_row][vc_row column_spacing=\u00a0\u00bb40&Prime; tablet_fullwidth_cols=\u00a0\u00bbyes\u00a0\u00bb bg_style=\u00a0\u00bbstretch\u00a0\u00bb el_id=\u00a0\u00bbhome-content\u00a0\u00bb css=\u00a0\u00bb.vc_custom_1489893870906{padding-bottom: 20px !important;}\u00a0\u00bb][vc_column width=\u00a0\u00bb1\/2&Prime;][vc_single_image image=\u00a0\u00bb4995&Prime; img_size=\u00a0\u00bb500&#215;380&Prime;][\/vc_column][vc_column width=\u00a0\u00bb1\/2&Prime;][vc_column_text css=\u00a0\u00bb.vc_custom_1539674488577{margin-top: 5px !important;}\u00a0\u00bb]Notre expertise en ing\u00e9nierie, notre souplesse de conception et notre gamme \u00e9tendue de produits standardis\u00e9s nous&hellip;","protected":false},"author":1,"featured_media":4995,"parent":0,"menu_order":0,"comment_status":"closed","ping_status":"closed","template":"","meta":{"footnotes":""},"class_list":["post-5440","page","type-page","status-publish","has-post-thumbnail","hentry","entry","has-media"],"_links":{"self":[{"href":"https:\/\/condra.co.za\/fr\/wp-json\/wp\/v2\/pages\/5440","targetHints":{"allow":["GET"]}}],"collection":[{"href":"https:\/\/condra.co.za\/fr\/wp-json\/wp\/v2\/pages"}],"about":[{"href":"https:\/\/condra.co.za\/fr\/wp-json\/wp\/v2\/types\/page"}],"author":[{"embeddable":true,"href":"https:\/\/condra.co.za\/fr\/wp-json\/wp\/v2\/users\/1"}],"replies":[{"embeddable":true,"href":"https:\/\/condra.co.za\/fr\/wp-json\/wp\/v2\/comments?post=5440"}],"version-history":[{"count":17,"href":"https:\/\/condra.co.za\/fr\/wp-json\/wp\/v2\/pages\/5440\/revisions"}],"predecessor-version":[{"id":6217,"href":"https:\/\/condra.co.za\/fr\/wp-json\/wp\/v2\/pages\/5440\/revisions\/6217"}],"wp:featuredmedia":[{"embeddable":true,"href":"https:\/\/condra.co.za\/fr\/wp-json\/wp\/v2\/media\/4995"}],"wp:attachment":[{"href":"https:\/\/condra.co.za\/fr\/wp-json\/wp\/v2\/media?parent=5440"}],"curies":[{"name":"wp","href":"https:\/\/api.w.org\/{rel}","templated":true}]}}