{"id":5428,"date":"2015-11-25T00:00:00","date_gmt":"2015-11-25T00:00:00","guid":{"rendered":"http:\/\/localhost\/2018\/condra\/crane-range\/"},"modified":"2018-11-20T10:03:23","modified_gmt":"2018-11-20T10:03:23","slug":"ponts","status":"publish","type":"page","link":"https:\/\/condra.co.za\/fr\/ponts\/","title":{"rendered":"Ponts"},"content":{"rendered":"<div class=\"wpb-content-wrapper\">[vc_row][vc_column width=\u00a0\u00bb1\/2&Prime;]<h1 class=\"vcex-module vcex-heading vcex-heading-plain vc_custom_1541488527125\"><span class=\"vcex-heading-inner clr\">Ponts roulants sp\u00e9cifiques<\/span><\/h1>[vc_column_text css=\u00a0\u00bb.vc_custom_1540564044956{margin-bottom: 15px !important;}\u00a0\u00bb]<img loading=\"lazy\" decoding=\"async\" class=\"size-full wp-image-5608 alignleft\" src=\"\/wp-content\/uploads\/2015\/11\/Mining_Special_Crane.jpg\" alt=\"\" width=\"197\" height=\"148\" \/>Les ponts roulants de Condra peuvent \u00eatre con\u00e7us pour n\u2019importe quel type d\u2019application, qu\u2019il s\u2019agisse de levage ou de gerbage, et peuvent \u00eatre \u00e9quip\u00e9s de crochets, de bennes preneuses, d\u2019\u00e9lectro-aimants, de poches de coul\u00e9e ou de godets. Leurs d\u00e9placements peuvent \u00eatre manuels, \u00e9lectriques ou une combinaison des deux.\r\n<div class=\"clear\"><\/div>\r\n<h1>Nos produits embl\u00e9matiques incluent:<\/h1>\r\n<ul>\r\n \t<li>Treuils \u00e0 c\u00e2ble m\u00e9caniques et composants \u2013 treuils et sommiers<\/li>\r\n \t<li>Ponts monopoutre ou bipoutre<\/li>\r\n \t<li>Grues-portiques ou \u00e0 semi-portique<\/li>\r\n \t<li>Ponts-portiques ou semi-portiques<\/li>\r\n \t<li>Grues \u00e0 potence (colonne, fl\u00e8che et mur)<\/li>\r\n<\/ul>\r\nNos ponts roulants sont fabriqu\u00e9s selon des sp\u00e9cificit\u00e9s techniques particuli\u00e8res \u00e0 partir de quelque 250 sous-ensembles dont les principaux composants consistent en treuils, entra\u00eenements, sommiers, freins, bo\u00eetes de vitesses et moteurs. Tous ces sous-ensembles sont fabriqu\u00e9s par Condra.\r\n\r\nLes treuils sont fabriqu\u00e9s dans un certain nombre de mod\u00e8les standard adapt\u00e9s \u00e0 la plupart des applications mini\u00e8res, industrielles et g\u00e9n\u00e9rales allant de 1 t \u00e0 500 t.[\/vc_column_text]<h1 class=\"vcex-module vcex-heading vcex-heading-plain vc_custom_1539945104862\"><span class=\"vcex-heading-inner clr\">Groupes d\u2019entra\u00eenements<\/span><\/h1>[vc_column_text]Divers groupes d\u2019entra\u00eenements (plus grande distance) peuvent \u00eatre fournis selon les sp\u00e9cifications de nos clients, en version monopoutre ou bipoutre.\r\n\r\nNous avons aussi un choix de sommiers standard \u00e0 deux vitesses (vitesse variable sur demande), bogies et galets de renvoi de 125 mm \u00e0 630 mm de diam\u00e8tre, roues motrices et autres composants associ\u00e9s.[\/vc_column_text][\/vc_column][vc_column width=\u00a0\u00bb1\/2&Prime;]<h1 class=\"vcex-module vcex-heading vcex-heading-plain vc_custom_1541488566985\"><span class=\"vcex-heading-inner clr\">Ponts bipoutre<\/span><\/h1>[vc_column_text css=\u00a0\u00bb.vc_custom_1539945143259{margin-bottom: 15px !important;}\u00a0\u00bb]<img loading=\"lazy\" decoding=\"async\" class=\"alignleft size-full wp-image-5607\" src=\"\/wp-content\/uploads\/2015\/11\/Double_Girder.jpg\" alt=\"\" width=\"200\" height=\"150\" \/>L\u2019option de choix.\r\n\r\nNos ponts roulants bipoutre sont con\u00e7us avec une plate-forme de commande qui assure une meilleure stabilit\u00e9, une pr\u00e9cision de levage absolue et une long\u00e9vit\u00e9 maximale. Bien que cette option soit l\u00e9g\u00e8rement plus ch\u00e8re au d\u00e9part, le prix d\u2019achat initial est largement justifi\u00e9 sur la dur\u00e9e de vie utile du pont. La version bipoutre repr\u00e9sente la solution ultime dans ce secteur de l\u2019industrie.[\/vc_column_text]<h1 class=\"vcex-module vcex-heading vcex-heading-plain vc_custom_1541488576720\"><span class=\"vcex-heading-inner clr\">Ponts monopoutre<\/span><\/h1>[vc_column_text]<img loading=\"lazy\" decoding=\"async\" class=\"size-full wp-image-5609 alignleft\" src=\"\/wp-content\/uploads\/2015\/11\/Singel__Girder.jpg\" alt=\"\" width=\"198\" height=\"263\" \/>La solution classique.\r\n\r\nNotre conception monopoutre offre un pont roulant fonctionnel, durable et solide. C\u2019est une solution basique mais efficace, qui s\u2019adapte \u00e0 de nombreux types d\u2019application standard. [\/vc_column_text][\/vc_column][\/vc_row][vc_row][vc_column][\/vc_column][\/vc_row]<\/div>","protected":false},"excerpt":{"rendered":"[vc_row][vc_column width=\u00a0\u00bb1\/2&Prime;][vc_column_text css=\u00a0\u00bb.vc_custom_1540564044956{margin-bottom: 15px !important;}\u00a0\u00bb]Les ponts roulants de Condra peuvent \u00eatre con\u00e7us pour n\u2019importe quel type d\u2019application, qu\u2019il s\u2019agisse de levage ou de gerbage, et peuvent \u00eatre \u00e9quip\u00e9s de crochets, de bennes preneuses, d\u2019\u00e9lectro-aimants, de poches de coul\u00e9e ou de&hellip;","protected":false},"author":1,"featured_media":4995,"parent":0,"menu_order":0,"comment_status":"closed","ping_status":"closed","template":"","meta":{"footnotes":""},"class_list":["post-5428","page","type-page","status-publish","has-post-thumbnail","hentry","entry","has-media"],"_links":{"self":[{"href":"https:\/\/condra.co.za\/fr\/wp-json\/wp\/v2\/pages\/5428","targetHints":{"allow":["GET"]}}],"collection":[{"href":"https:\/\/condra.co.za\/fr\/wp-json\/wp\/v2\/pages"}],"about":[{"href":"https:\/\/condra.co.za\/fr\/wp-json\/wp\/v2\/types\/page"}],"author":[{"embeddable":true,"href":"https:\/\/condra.co.za\/fr\/wp-json\/wp\/v2\/users\/1"}],"replies":[{"embeddable":true,"href":"https:\/\/condra.co.za\/fr\/wp-json\/wp\/v2\/comments?post=5428"}],"version-history":[{"count":10,"href":"https:\/\/condra.co.za\/fr\/wp-json\/wp\/v2\/pages\/5428\/revisions"}],"predecessor-version":[{"id":6083,"href":"https:\/\/condra.co.za\/fr\/wp-json\/wp\/v2\/pages\/5428\/revisions\/6083"}],"wp:featuredmedia":[{"embeddable":true,"href":"https:\/\/condra.co.za\/fr\/wp-json\/wp\/v2\/media\/4995"}],"wp:attachment":[{"href":"https:\/\/condra.co.za\/fr\/wp-json\/wp\/v2\/media?parent=5428"}],"curies":[{"name":"wp","href":"https:\/\/api.w.org\/{rel}","templated":true}]}}