{"id":5424,"date":"2015-11-11T00:00:00","date_gmt":"2015-11-11T00:00:00","guid":{"rendered":"http:\/\/localhost\/2018\/condra\/service-division\/"},"modified":"2018-11-06T07:13:33","modified_gmt":"2018-11-06T07:13:33","slug":"service","status":"publish","type":"page","link":"https:\/\/condra.co.za\/fr\/service\/","title":{"rendered":"Service"},"content":{"rendered":"<div class=\"wpb-content-wrapper\">[vc_row][vc_column width=\u00a0\u00bb1\/2&Prime;]<h1 class=\"vcex-module vcex-heading vcex-heading-plain vc_custom_1539944205217\"><span class=\"vcex-heading-inner clr\">Historique<\/span><\/h1>[vc_column_text css=\u00a0\u00bb.vc_custom_1539944325628{margin-bottom: 15px !important;}\u00a0\u00bb]Cette division a \u00e9t\u00e9 cr\u00e9\u00e9e en 1982 avec pour objectif d\u2019offrir \u00e0 notre client\u00e8le existante des services apr\u00e8s-vente, pi\u00e8ces de rechange et entretien compris. De nos jours, des sites de formation sur mesure install\u00e9s au sein des usines haut-de-gamme de Condra, en-dehors de Johannesburg, permettent \u00e0 nos techniciens de suivre une formation continue et de se perfectionner sur tous les types et toutes les marques de ponts roulants.[\/vc_column_text]<h1 class=\"vcex-module vcex-heading vcex-heading-plain vc_custom_1541488387083\"><span class=\"vcex-heading-inner clr\">Normes de service<\/span><\/h1>[vc_column_text]Condra est une soci\u00e9t\u00e9 affili\u00e9e \u00e0 l\u2019Institut sud-africain de la manutention et si\u00e8ge au conseil de professionnels du Bureau des normes d\u2019Afrique du Sud (SABS). Par cons\u00e9quent, l\u2019entretien des ponts roulants fait partie int\u00e9grante de nos op\u00e9rations, du fait de son impact sur le co\u00fbt, la qualit\u00e9 et la s\u00e9curit\u00e9. Nos agents, par leur respect de normes rigoureuses, garantissent notre r\u00e9putation internationale de fiabilit\u00e9 en tant que prestataires de ponts roulants, treuils et autres appareils de manutention. La direction se tient au courant des derni\u00e8res tendances locales et internationales en mati\u00e8re de proc\u00e9dures d\u2019entretien et de r\u00e9paration, les questions de la s\u00e9curit\u00e9 des clients et du personnel retenant particuli\u00e8rement son attention.<\/p>\r\n<p>Lorsqu\u2019un agent a besoin d\u2019une pi\u00e8ce de rechange qui n\u2019est pas en stock, nous en garantissons la livraison dans les 48 heures qui suivent, n\u2019importe o\u00f9 dans le monde.[\/vc_column_text][\/vc_column][vc_column width=\u00a0\u00bb1\/2&Prime;]<h1 class=\"vcex-module vcex-heading vcex-heading-plain vc_custom_1539944212890\"><span class=\"vcex-heading-inner clr\">Organisation<\/span><\/h1>[vc_column_text css=\u00a0\u00bb.vc_custom_1539944332990{margin-bottom: 15px !important;}\u00a0\u00bb]En sus de six techniciens d\u00e9di\u00e9s 24 h \/ 24 h au service apr\u00e8s-vente des clients contractuels \u00e0 Gauteng, en Afrique du Sud, nous avons des agents de service apr\u00e8s-vente localis\u00e9s qui couvrent les installations de Condra \u00e0 travers le monde. Nous assurons leur encadrement, recyclage et mise \u00e0 niveau \u00e0 partir de notre si\u00e8ge de Johannesburg.[\/vc_column_text]<h1 class=\"vcex-module vcex-heading vcex-heading-plain vc_custom_1541488407449\"><span class=\"vcex-heading-inner clr\">Gamme de services<\/span><\/h1>[vc_column_text]\r\n<ul>\r\n<li>Installation et mise en service, r\u00e9vision, r\u00e9paration et entretien de nouveaux ponts roulants.<\/li>\r\n<li>Contrats d\u2019entretien.<\/li>\r\n<li>Pi\u00e8ces de rechange pour les ponts roulants fabriqu\u00e9s par Condra.<\/li>\r\n<li>Composants de ponts roulants de toutes marques.<\/li>\r\n<li>Mise \u00e0 niveau et remise \u00e0 neuf de ponts roulants usag\u00e9s.<\/li>\r\n<li>Essai en charge annuel.<\/li>\r\n<li>Besoins en \u00e9quipement de levage.<\/li>\r\n<li>Travaux effectu\u00e9s conform\u00e9ment aux normes BS et aux exigences de l\u2019Agence pour la s\u00e9curit\u00e9 et la sant\u00e9 au travail (OSHA).<\/li>\r\n<\/ul>\r\n[\/vc_column_text][\/vc_column][\/vc_row]\r\n<\/div>","protected":false},"excerpt":{"rendered":"[vc_row][vc_column width=\u00a0\u00bb1\/2&Prime;][vc_column_text css=\u00a0\u00bb.vc_custom_1539944325628{margin-bottom: 15px !important;}\u00a0\u00bb]Cette division a \u00e9t\u00e9 cr\u00e9\u00e9e en 1982 avec pour objectif d\u2019offrir \u00e0 notre client\u00e8le existante des services apr\u00e8s-vente, pi\u00e8ces de rechange et entretien compris. De nos jours, des sites de formation sur mesure install\u00e9s au sein&hellip;","protected":false},"author":1,"featured_media":4995,"parent":0,"menu_order":0,"comment_status":"closed","ping_status":"closed","template":"","meta":{"footnotes":""},"class_list":["post-5424","page","type-page","status-publish","has-post-thumbnail","hentry","entry","has-media"],"_links":{"self":[{"href":"https:\/\/condra.co.za\/fr\/wp-json\/wp\/v2\/pages\/5424","targetHints":{"allow":["GET"]}}],"collection":[{"href":"https:\/\/condra.co.za\/fr\/wp-json\/wp\/v2\/pages"}],"about":[{"href":"https:\/\/condra.co.za\/fr\/wp-json\/wp\/v2\/types\/page"}],"author":[{"embeddable":true,"href":"https:\/\/condra.co.za\/fr\/wp-json\/wp\/v2\/users\/1"}],"replies":[{"embeddable":true,"href":"https:\/\/condra.co.za\/fr\/wp-json\/wp\/v2\/comments?post=5424"}],"version-history":[{"count":6,"href":"https:\/\/condra.co.za\/fr\/wp-json\/wp\/v2\/pages\/5424\/revisions"}],"predecessor-version":[{"id":6063,"href":"https:\/\/condra.co.za\/fr\/wp-json\/wp\/v2\/pages\/5424\/revisions\/6063"}],"wp:featuredmedia":[{"embeddable":true,"href":"https:\/\/condra.co.za\/fr\/wp-json\/wp\/v2\/media\/4995"}],"wp:attachment":[{"href":"https:\/\/condra.co.za\/fr\/wp-json\/wp\/v2\/media?parent=5424"}],"curies":[{"name":"wp","href":"https:\/\/api.w.org\/{rel}","templated":true}]}}