{"id":5422,"date":"2015-11-03T00:00:00","date_gmt":"2015-11-03T00:00:00","guid":{"rendered":"http:\/\/localhost\/2018\/condra\/about-us\/"},"modified":"2018-11-06T07:04:48","modified_gmt":"2018-11-06T07:04:48","slug":"la-societe","status":"publish","type":"page","link":"https:\/\/condra.co.za\/fr\/la-societe\/","title":{"rendered":"La soci\u00e9t\u00e9 Condra"},"content":{"rendered":"<div class=\"wpb-content-wrapper\">[vc_row][vc_column][vc_column_text]\r\n<h1>Historique<\/h1>\r\nFond\u00e9e en tant que soci\u00e9t\u00e9 de dessin technique-conseil, sp\u00e9cialis\u00e9e en ing\u00e9nierie, bas\u00e9e \u00e0 Johannesburg, Condra d\u00e9couvre tr\u00e8s vite un cr\u00e9neau \u00e0 exploiter sur le march\u00e9 sud-africain : la fabrication locale, au lieu de l\u2019assemblage \u00e0 partir de composants import\u00e9s, d\u2019appareils de levage et de ponts roulants. Les recherches indiquent qu\u2019il existe une vraie demande pour une gamme d\u2019appareils robustes, pour peu qu\u2019ils soient offerts \u00e0 des prix concurrentiels.\r\n\r\nLa fabrication des premiers ponts roulants d\u00e9bute en 1971. Quatre ans plus tard, Condra d\u00e9m\u00e9nage dans une usine construite sur mesure, toujours \u00e0 Johannesburg, pour se lancer dans la conception et la fabrication de ses premiers appareils de levage. Son si\u00e8ge social reste \u00e0 Johannesburg, mais au fur et \u00e0 mesure de sa croissance la surface occup\u00e9e par ses usines et bureaux augmente, allant jusqu\u2019\u00e0 doubler en 1982. Finalement, en 2008, Condra emm\u00e9nage sur un nouveau site de 22 000 m<sup>2<\/sup> (dont 8 000 m<sup>2<\/sup> sous toiture), soit environ trois fois la taille de son usine pr\u00e9c\u00e9dente.\r\n\r\nPeu de temps apr\u00e8s, Condra met en service sa premi\u00e8re usine europ\u00e9enne, \u00e0 Pazardzhik, en Bulgarie.\r\n<h1>Situation Financi\u00e8re<\/h1>\r\nJosef Kleiner, le fondateur de Condra et son directeur g\u00e9n\u00e9ral actuel, est toujours le propri\u00e9taire de l\u2019entreprise.\r\nEnti\u00e8rement financ\u00e9e par les b\u00e9n\u00e9fices de sa gamme de produits de qualit\u00e9, Condra n\u2019a pas d\u2019actionnaires minoritaires.[\/vc_column_text][\/vc_column][\/vc_row]<\/div>","protected":false},"excerpt":{"rendered":"[vc_row][vc_column][vc_column_text] Historique Fond\u00e9e en tant que soci\u00e9t\u00e9 de dessin technique-conseil, sp\u00e9cialis\u00e9e en ing\u00e9nierie, bas\u00e9e \u00e0 Johannesburg, Condra d\u00e9couvre tr\u00e8s vite un cr\u00e9neau \u00e0 exploiter sur le march\u00e9 sud-africain : la fabrication locale, au lieu de l\u2019assemblage \u00e0 partir de composants&hellip;","protected":false},"author":1,"featured_media":4995,"parent":0,"menu_order":0,"comment_status":"closed","ping_status":"closed","template":"","meta":{"footnotes":""},"class_list":["post-5422","page","type-page","status-publish","has-post-thumbnail","hentry","entry","has-media"],"_links":{"self":[{"href":"https:\/\/condra.co.za\/fr\/wp-json\/wp\/v2\/pages\/5422","targetHints":{"allow":["GET"]}}],"collection":[{"href":"https:\/\/condra.co.za\/fr\/wp-json\/wp\/v2\/pages"}],"about":[{"href":"https:\/\/condra.co.za\/fr\/wp-json\/wp\/v2\/types\/page"}],"author":[{"embeddable":true,"href":"https:\/\/condra.co.za\/fr\/wp-json\/wp\/v2\/users\/1"}],"replies":[{"embeddable":true,"href":"https:\/\/condra.co.za\/fr\/wp-json\/wp\/v2\/comments?post=5422"}],"version-history":[{"count":5,"href":"https:\/\/condra.co.za\/fr\/wp-json\/wp\/v2\/pages\/5422\/revisions"}],"predecessor-version":[{"id":6061,"href":"https:\/\/condra.co.za\/fr\/wp-json\/wp\/v2\/pages\/5422\/revisions\/6061"}],"wp:featuredmedia":[{"embeddable":true,"href":"https:\/\/condra.co.za\/fr\/wp-json\/wp\/v2\/media\/4995"}],"wp:attachment":[{"href":"https:\/\/condra.co.za\/fr\/wp-json\/wp\/v2\/media?parent=5422"}],"curies":[{"name":"wp","href":"https:\/\/api.w.org\/{rel}","templated":true}]}}