{"id":5191,"date":"2016-06-14T00:00:00","date_gmt":"2016-06-14T00:00:00","guid":{"rendered":"http:\/\/localhost\/2018\/condra\/componentes-y-subconjuntos-de-ensamblaje-2\/"},"modified":"2018-10-22T10:54:29","modified_gmt":"2018-10-22T10:54:29","slug":"componentes-y-subconjuntos-de-ensamblaje","status":"publish","type":"page","link":"https:\/\/condra.co.za\/es\/componentes-y-subconjuntos-de-ensamblaje\/","title":{"rendered":"Componentes Y Subconjuntos De Ensamblaje"},"content":{"rendered":"<div class=\"wpb-content-wrapper\">[vc_row][vc_column][vc_column_text]Adem\u00e1s de dise\u00f1ar y fabricar gr\u00faas completas, Condra ofrece servicio de soluciones a todo tipo de componente y subconjunto de ensamblaje.\r\n\r\nEl ensamblaje de gr\u00faas ya no requiere recurrir a diversos proveedores para el ensamble final. Condra tiene la capacidad de contar con todo tipo de componentes para el ensamblaje de gr\u00faas, desde polipastos, jaibas, bases, mecanismos de traslaci\u00f3n, tambor de cable, sistemas de bucle de cable, y sistemas conductores cerrados.\r\n\r\n<img loading=\"lazy\" decoding=\"async\" class=\"alignleft size-full wp-image-5698\" src=\"\/wp-content\/uploads\/2015\/12\/Direct_Drives.jpg\" alt=\"\" width=\"210\" height=\"192\" \/>Proveemos diversos tipos de motores de capacidad de larga traslaci\u00f3n seg\u00fan las necesidades del cliente, ya sea en configuraci\u00f3n de carro birra\u00edl o simple. Puede elegir entre mecanismos de traslaci\u00f3n est\u00e1ndar de doble velocidad (con la opci\u00f3n de velocidad variable), mecanismo de accionamiento individual y bogies de 125 a 630mm de di\u00e1metro, con rodaduras y otros componentes.\r\n\r\nTodos los componentes pueden estar disponibles a corto plazo ya que vienen de la f\u00e1brica de Condra en Germiston.\r\n\r\nNuestra atenci\u00f3n est\u00e1 dirigida a la adaptabilidad funcional de la gama est\u00e1ndar de componentes para gr\u00faas industriales. Nuestro alto volumen de inventario nos permite la fabricaci\u00f3n de componentes a corto plazo. Y la cantidad de productos fabricados por Condra nos permite ofrecer precios altamente competitivos.[\/vc_column_text][\/vc_column][\/vc_row]<\/div>","protected":false},"excerpt":{"rendered":"[vc_row][vc_column][vc_column_text]Adem\u00e1s de dise\u00f1ar y fabricar gr\u00faas completas, Condra ofrece servicio de soluciones a todo tipo de componente y subconjunto de ensamblaje. El ensamblaje de gr\u00faas ya no requiere recurrir a diversos proveedores para el ensamble final. Condra tiene la capacidad&hellip;","protected":false},"author":1,"featured_media":4995,"parent":0,"menu_order":0,"comment_status":"closed","ping_status":"closed","template":"","meta":{"footnotes":""},"class_list":["post-5191","page","type-page","status-publish","has-post-thumbnail","hentry","entry","has-media"],"_links":{"self":[{"href":"https:\/\/condra.co.za\/es\/wp-json\/wp\/v2\/pages\/5191","targetHints":{"allow":["GET"]}}],"collection":[{"href":"https:\/\/condra.co.za\/es\/wp-json\/wp\/v2\/pages"}],"about":[{"href":"https:\/\/condra.co.za\/es\/wp-json\/wp\/v2\/types\/page"}],"author":[{"embeddable":true,"href":"https:\/\/condra.co.za\/es\/wp-json\/wp\/v2\/users\/1"}],"replies":[{"embeddable":true,"href":"https:\/\/condra.co.za\/es\/wp-json\/wp\/v2\/comments?post=5191"}],"version-history":[{"count":2,"href":"https:\/\/condra.co.za\/es\/wp-json\/wp\/v2\/pages\/5191\/revisions"}],"predecessor-version":[{"id":5758,"href":"https:\/\/condra.co.za\/es\/wp-json\/wp\/v2\/pages\/5191\/revisions\/5758"}],"wp:featuredmedia":[{"embeddable":true,"href":"https:\/\/condra.co.za\/es\/wp-json\/wp\/v2\/media\/4995"}],"wp:attachment":[{"href":"https:\/\/condra.co.za\/es\/wp-json\/wp\/v2\/media?parent=5191"}],"curies":[{"name":"wp","href":"https:\/\/api.w.org\/{rel}","templated":true}]}}