{"id":5190,"date":"2016-06-14T00:00:00","date_gmt":"2016-06-14T00:00:00","guid":{"rendered":"http:\/\/localhost\/2018\/condra\/servicio-y-pruebas-de-carga-2\/"},"modified":"2018-10-11T07:30:22","modified_gmt":"2018-10-11T07:30:22","slug":"servicio-y-pruebas-de-carga","status":"publish","type":"page","link":"https:\/\/condra.co.za\/es\/servicio-y-pruebas-de-carga\/","title":{"rendered":"Servicio Y Pruebas De Carga"},"content":{"rendered":"<ul>\r\n\t<li><a href=\"\/es\/calculador-de-desplazamiento-largo\/\">Calculador de Desplazamiento Largo<\/a><\/li>\r\n\t<li><a href=\"\/es\/calculo-de-desplazamiento-transversal-del-motor\/\">C\u00e1lculo de Desplazamiento Transversal del Motor<\/a><\/li>\r\n\r\n\t<li><a href=\"\/es\/calculo-del-motor-de-polipasto\/\">C\u00e1lculo del Motor de Polipasto <\/a><\/li>\r\n<p><\/p><p><\/p>\r\n*Estos c\u00e1lculos son solamente una gu\u00eda. Si tiene dudas, s\u00edrvase contactarnos.\r\n<p><\/p>\r\n<p><\/p>\r\n<p><\/p>\r\n<p><\/p>\r\n<p><\/p>\r\n<p><\/p>\r\n<p><\/p>\r\n<p><\/p>\r\n<p><\/p>\r\n<p><\/p>\r\n<p><\/p>\r\n<p><\/p>\r\n<p><\/p>\r\n<br><br>\r\n<p><\/p>\r\n<p><\/p>\r\n<p><\/p>\r\n<p><\/p>\r\n<p><\/p>\r\n<p><\/p>\r\n<p><\/p>\r\n<br><br>\r\n<p><\/p>\r\n<p><\/p>\r\n<p><\/p>\r\n<p><\/p>\r\n<p><\/p>\r\n<p><\/p>\r\n<p><\/p>\r\n<br><br>\r\n<p><\/p>\r\n<p><\/p>\r\n<p><\/p>\r\n<p><\/p>\r\n<p><\/p>\r\n<p><\/p>\r\n<p><\/p>\r\n<br><br>\r\n<p><\/p>\r\n<p><\/p>\r\n<p><\/p>\r\n<p><\/p>\r\n<p><\/p>\r\n<p><\/p>\r\n<p><\/p>","protected":false},"excerpt":{"rendered":"Calculador de Desplazamiento Largo C\u00e1lculo de Desplazamiento Transversal del Motor C\u00e1lculo del Motor de Polipasto *Estos c\u00e1lculos son solamente una gu\u00eda. Si tiene dudas, s\u00edrvase contactarnos.","protected":false},"author":1,"featured_media":4995,"parent":0,"menu_order":0,"comment_status":"closed","ping_status":"closed","template":"","meta":{"footnotes":""},"class_list":["post-5190","page","type-page","status-publish","has-post-thumbnail","hentry","entry","has-media"],"_links":{"self":[{"href":"https:\/\/condra.co.za\/es\/wp-json\/wp\/v2\/pages\/5190","targetHints":{"allow":["GET"]}}],"collection":[{"href":"https:\/\/condra.co.za\/es\/wp-json\/wp\/v2\/pages"}],"about":[{"href":"https:\/\/condra.co.za\/es\/wp-json\/wp\/v2\/types\/page"}],"author":[{"embeddable":true,"href":"https:\/\/condra.co.za\/es\/wp-json\/wp\/v2\/users\/1"}],"replies":[{"embeddable":true,"href":"https:\/\/condra.co.za\/es\/wp-json\/wp\/v2\/comments?post=5190"}],"version-history":[{"count":1,"href":"https:\/\/condra.co.za\/es\/wp-json\/wp\/v2\/pages\/5190\/revisions"}],"predecessor-version":[{"id":5231,"href":"https:\/\/condra.co.za\/es\/wp-json\/wp\/v2\/pages\/5190\/revisions\/5231"}],"wp:featuredmedia":[{"embeddable":true,"href":"https:\/\/condra.co.za\/es\/wp-json\/wp\/v2\/media\/4995"}],"wp:attachment":[{"href":"https:\/\/condra.co.za\/es\/wp-json\/wp\/v2\/media?parent=5190"}],"curies":[{"name":"wp","href":"https:\/\/api.w.org\/{rel}","templated":true}]}}