{"id":5189,"date":"2015-12-07T00:00:00","date_gmt":"2015-12-07T00:00:00","guid":{"rendered":"http:\/\/localhost\/2018\/condra\/gama-de-polipastos-2\/"},"modified":"2018-11-20T09:53:31","modified_gmt":"2018-11-20T09:53:31","slug":"gama-de-polipastos","status":"publish","type":"page","link":"https:\/\/condra.co.za\/es\/gama-de-polipastos\/","title":{"rendered":"Gama De Polipastos"},"content":{"rendered":"<div class=\"wpb-content-wrapper\">[vc_row][vc_column width=\u00bb1\/2&#8243;][vc_single_image image=\u00bb5926&#8243;][vc_column_text]\r\n<h1>POLIPASTOS SERIE K<\/h1>\r\n<p>La serie K de Polipastos Condra viene siendo fabricada desde el a\u00f1o 1972, instalada en todo el mundo y en operaci\u00f3n bajo diversas condiciones en tres configuraciones principales: montaje de pedestal, jaiba monorriel y doble carril. La composici\u00f3n del mecanismo de elevaci\u00f3n y cizalladura de cable incluyen el de elevaci\u00f3n central.<\/p>\r\n<ul>\r\n<li><strong>Capacidad de elevaci\u00f3n de cargas de hasta 250 toneladas<\/strong><br \/>\r\nLa serie K de polipastos cubierta tiene capacidad de elevaci\u00f3n de 32 toneladas de carga, y las unidades de tambor abierto cuentan con capacidad de carga de m\u00e1s de 250 toneladas.<\/li>\r\n<\/ul>\r\n<ul>\r\n<li><strong>Diversas caracter\u00edsticas est\u00e1ndar<\/strong><br \/>\r\nEntre las caracter\u00edsticas de todos los modelos est\u00e1n los frenos de discos DC electromagn\u00e9ticos, motores en marco est\u00e1ndar con rotores paralelos, conmutadores de acci\u00f3n doble limitada, gu\u00eda de cable de bronce y cajas de cambios lubricadas y completamente cerradas. Se ofrece la opci\u00f3n de gr\u00faa con velocidad variable.<\/li>\r\n<\/ul>\r\n<ul>\r\n<li><strong>Capacidad de elevaci\u00f3n de gran altura<\/strong><br \/>\r\nLa serie K es l\u00edder en el mercado de polipastos de alta elevaci\u00f3n, as\u00ed lo demuestran instalaciones de hasta 150 metros de altura. Estos polipastos son seguros, duraderos y fuertes, capaces de operar bajo intensas condiciones mec\u00e1nicas.<\/li>\r\n<\/ul>\r\n<ul>\r\n<li><strong>Repuestos baratos<\/strong><br \/>\r\nNuestra l\u00ednea de fabricaci\u00f3n de repuestos produce un gran nivel de disponibilidad de repuestos a bajo costo, lo que a su vez baja los costos de mantenimiento y resulta en excelente ahorro a largo plazo.<\/li>\r\n<\/ul>\r\n<div class=\"clear\"><\/div>[\/vc_column_text][vc_single_image image=\u00bb5927&#8243;][vc_column_text]\r\n<h1>SERIE SH TITAN<\/h1>\r\n<p>Los polipastos Condra SH (peque\u00f1a altura de espacio libre) Titan, est\u00e1n dise\u00f1ados para aprovechar el preciado espacio de altura bajo techo, as\u00ed como de piso de su f\u00e1brica.<\/p>\r\n<p>Basado en el excelente dise\u00f1o de la serie K de polipastos, este dise\u00f1o Titan SH cuenta con componentes m\u00e1s peque\u00f1os que permite reducir la altura del ensamble final de la gr\u00faa.<\/p>\r\n<ul>\r\n<li><strong>Capacidad de elevaci\u00f3n de hasta 16 toneladas<\/strong><\/li>\r\n<li><strong>Caracter\u00edsticas adicionales: <\/strong>La serie SH Titan incorpora elementos como el templar el cable autom\u00e1ticamente, un deslizamiento m\u00e1s suave, un limitador de carga integrado, accionamiento est\u00e1ndar directo y un carro universal.<\/li>\r\n<\/ul>\r\n<ul>\r\n<li><strong>Perfil bajo<\/strong><br \/>\r\nEl perfil del polipasto de serie SH Titan es 20% m\u00e1s bajo que su predecesor.<\/li>\r\n<\/ul>\r\n<ul>\r\n<li><strong>Costos de construcci\u00f3n reducidos<\/strong><br \/>\r\nUna gr\u00faa que requiera menor altura puede resultar en costos de construcci\u00f3n de la f\u00e1brica reducidos al necesitar una altura de techo menor.<\/li>\r\n<\/ul>\r\n<ul>\r\n<li><strong>Mayor altura de elevaci\u00f3n<\/strong><br \/>\r\nUna mayor altura de elevaci\u00f3n puede resultar en ejecutar proyectos que para otras f\u00e1bricas ser\u00eda imposible.<\/li>\r\n<\/ul>\r\n<div class=\"clear\"><\/div>[\/vc_column_text][\/vc_column][vc_column width=\u00bb1\/2&#8243;][vc_single_image image=\u00bb5924&#8243;][vc_column_text]\r\n<h1>SERIE TITAN COMPACTO<\/h1>\r\n<p>Los polipastos Serie Titan Compacto cumple con las capacidades de la Serie K, pero de manera refinada y con un dise\u00f1o compacto.<\/p>\r\n<ul>\r\n<li><strong>Capacidad de elevaci\u00f3n de cargas de hasta 32 toneladas<\/strong><\/li>\r\n<li><strong>M\u00faltiples caracter\u00edsticas est\u00e1ndar<\/strong><br \/>\r\nEntre las caracter\u00edsticas de todos los modelos est\u00e1n los frenos de discos DC electromagn\u00e9ticos, motores en marco est\u00e1ndar con rotores paralelos, conmutadores de acci\u00f3n doble limitada, gu\u00eda de cable de bronce y cajas de cambios lubricadas y completamente cerradas.<\/li>\r\n<\/ul>\r\n<ul>\r\n<li><strong>Valiosos elementos adicionales <\/strong><br \/>\r\nLa serie Titan Compacto incorpora elementos como el templar el cable autom\u00e1ticamente, un deslizamiento m\u00e1s suave, un limitador de carga integrado, accionamiento est\u00e1ndar directo y un carro universal.<\/li>\r\n<\/ul>\r\n<ul>\r\n<li><strong>Repuestos baratos<\/strong><br \/>\r\nNuestra l\u00ednea de fabricaci\u00f3n de repuestos produce un gran nivel de disponibilidad de repuestos a bajo costo.<\/li>\r\n<\/ul>\r\n<ul>\r\n<li><strong>Bajos costos de mantenimiento<\/strong><br \/>\r\nEl bajo costo de repuestos resulta en excelente ahorro a lo largo de la vida \u00fatil de la gr\u00faa.<\/li>\r\n<\/ul>\r\n<div class=\"clear\"><\/div>[\/vc_column_text][\/vc_column][\/vc_row]\r\n<\/div>","protected":false},"excerpt":{"rendered":"[vc_row][vc_column width=\u00bb1\/2&#8243;][vc_single_image image=\u00bb5926&#8243;][vc_column_text] POLIPASTOS SERIE K La serie K de Polipastos Condra viene siendo fabricada desde el a\u00f1o 1972, instalada en todo el mundo y en operaci\u00f3n bajo diversas condiciones en tres configuraciones principales: montaje de pedestal, jaiba monorriel y&hellip;","protected":false},"author":1,"featured_media":4995,"parent":0,"menu_order":0,"comment_status":"closed","ping_status":"closed","template":"","meta":{"footnotes":""},"class_list":["post-5189","page","type-page","status-publish","has-post-thumbnail","hentry","entry","has-media"],"_links":{"self":[{"href":"https:\/\/condra.co.za\/es\/wp-json\/wp\/v2\/pages\/5189","targetHints":{"allow":["GET"]}}],"collection":[{"href":"https:\/\/condra.co.za\/es\/wp-json\/wp\/v2\/pages"}],"about":[{"href":"https:\/\/condra.co.za\/es\/wp-json\/wp\/v2\/types\/page"}],"author":[{"embeddable":true,"href":"https:\/\/condra.co.za\/es\/wp-json\/wp\/v2\/users\/1"}],"replies":[{"embeddable":true,"href":"https:\/\/condra.co.za\/es\/wp-json\/wp\/v2\/comments?post=5189"}],"version-history":[{"count":7,"href":"https:\/\/condra.co.za\/es\/wp-json\/wp\/v2\/pages\/5189\/revisions"}],"predecessor-version":[{"id":6074,"href":"https:\/\/condra.co.za\/es\/wp-json\/wp\/v2\/pages\/5189\/revisions\/6074"}],"wp:featuredmedia":[{"embeddable":true,"href":"https:\/\/condra.co.za\/es\/wp-json\/wp\/v2\/media\/4995"}],"wp:attachment":[{"href":"https:\/\/condra.co.za\/es\/wp-json\/wp\/v2\/media?parent=5189"}],"curies":[{"name":"wp","href":"https:\/\/api.w.org\/{rel}","templated":true}]}}