{"id":5188,"date":"2016-06-14T00:00:00","date_gmt":"2016-06-14T00:00:00","guid":{"rendered":"http:\/\/localhost\/2018\/condra\/gama-de-gruas-2\/"},"modified":"2018-11-20T10:01:52","modified_gmt":"2018-11-20T10:01:52","slug":"gama-de-gruas","status":"publish","type":"page","link":"https:\/\/condra.co.za\/es\/gama-de-gruas\/","title":{"rendered":"Gama De Gr\u00faas"},"content":{"rendered":"<div class=\"wpb-content-wrapper\">[vc_row][vc_column width=\u00bb1\/2&#8243;]<h1 class=\"vcex-module vcex-heading vcex-heading-plain vc_custom_1539944717382\"><span class=\"vcex-heading-inner clr\">GR\u00daAS ESPECIALES<\/span><\/h1>[vc_column_text css=\u00bb.vc_custom_1540563914139{margin-bottom: 15px !important;}\u00bb]<img loading=\"lazy\" decoding=\"async\" class=\"size-full wp-image-5608 alignleft\" src=\"\/wp-content\/uploads\/2015\/11\/Mining_Special_Crane.jpg\" alt=\"\" width=\"197\" height=\"148\" \/>El dise\u00f1o de gr\u00faas industriales responde a toda necesidad de elevaci\u00f3n y deslizamiento para apilar cargas mediante un gancho, asir, im\u00e1n elevador, cuchara o cubo. El mecanismo de accionamiento puede ser manual, el\u00e9ctrico o una combinaci\u00f3n de ambos.<br \/>\r\n<div class=\"clear\"><\/div>\r\n<h1>Condra dise\u00f1a y fabrica las siguientes gr\u00faas y polipastos:<\/h1>\r\n<ul>\r\n<li>Polipasto de cable de acero \u2013 Polipastos y Mecanismo de traslaci\u00f3n<\/li>\r\n<li>Puente gr\u00faa el\u00e9ctrico \u2013 Simple y Doble<\/li>\r\n<li>Gr\u00faa p\u00f3rtico o semi-p\u00f3rtico<\/li>\r\n<li>Gr\u00faa puente p\u00f3rtico o semi-p\u00f3rtico<\/li>\r\n<li>Gr\u00faa de voladizo m\u00e9nsula (de columna, brazo y pared)<\/li>\r\n<\/ul>\r\n<p>Las gr\u00faas puente son fabricadas a especificaci\u00f3n a partir de unos 250 componentes de ensamblaje, como polipastos, dispositivo de accionamiento, mecanismos de traslaci\u00f3n, frenos, caja de cambios y motores. Condra fabrica los 250 componentes.<\/p>\r\n<p>Los polipastos son fabricados seg\u00fan modelos est\u00e1ndar ajustados a las necesidades de operaciones mineras, industriales o de uso general de levantar y desplazar cargas desde 1 a 500 toneladas.[\/vc_column_text]<h1 class=\"vcex-module vcex-heading vcex-heading-plain vc_custom_1539944734992\"><span class=\"vcex-heading-inner clr\">ACCIONAMIENTO DE GR\u00daA<\/span><\/h1>[vc_column_text]Nuestras gr\u00faas presentan diversos mecanismos de accionamiento de largo carril ya sea en configuraciones de carro birra\u00edl o de una sola viga seg\u00fan las especificaciones del cliente. Asimismo, ofrecemos mecanismos de accionamiento de traslaci\u00f3n de doble velocidad (con la opci\u00f3n de velocidad variable), mecanismo de accionamiento individual y bogies de 125 a 630mm de di\u00e1metro, con rodaduras y otros componentes.[\/vc_column_text][\/vc_column][vc_column width=\u00bb1\/2&#8243;]<h1 class=\"vcex-module vcex-heading vcex-heading-plain vc_custom_1539944725180\"><span class=\"vcex-heading-inner clr\">CARRO BIRRA\u00cdL<\/span><\/h1>[vc_column_text css=\u00bb.vc_custom_1539944809546{margin-bottom: 15px !important;}\u00bb]<img loading=\"lazy\" decoding=\"async\" class=\"alignleft size-full wp-image-5607\" src=\"\/wp-content\/uploads\/2015\/11\/Double_Girder.jpg\" alt=\"\" width=\"200\" height=\"150\" \/>Para gr\u00faas de dos vigas. Su opci\u00f3n preferida.<\/p>\r\n<p>El dise\u00f1o de carro birra\u00edl para gr\u00faa de dos vigas de Condra proporciona una plataforma de gran estabilidad, perfecta precisi\u00f3n de elevaci\u00f3n y garant\u00eda de durabilidad permanente. A corto plazo es algo m\u00e1s costosa, pero el precio inicial compensa la larga vida \u00fatil de la gr\u00faa. Este dise\u00f1o de carro birra\u00edl es la soluci\u00f3n perfecta de gr\u00faa industrial.[\/vc_column_text]<h1 class=\"vcex-module vcex-heading vcex-heading-plain vc_custom_1539944759781\"><span class=\"vcex-heading-inner clr\">GR\u00daA DE UNA SOLA VIGA<\/span><\/h1>[vc_column_text]<img loading=\"lazy\" decoding=\"async\" class=\"size-full wp-image-5609 alignleft\" src=\"\/wp-content\/uploads\/2015\/11\/Singel__Girder.jpg\" alt=\"\" width=\"198\" height=\"263\" \/>La soluci\u00f3n b\u00e1sica.<\/p>\r\n<p>La gr\u00faa suspendida de una sola viga de Condra es una soluci\u00f3n funcional, durable y fuerte. Es un dise\u00f1o b\u00e1sico perfectamente efectivo en el entorno industrial.[\/vc_column_text][\/vc_column][\/vc_row]\r\n<\/div>","protected":false},"excerpt":{"rendered":"[vc_row][vc_column width=\u00bb1\/2&#8243;][vc_column_text css=\u00bb.vc_custom_1540563914139{margin-bottom: 15px !important;}\u00bb]El dise\u00f1o de gr\u00faas industriales responde a toda necesidad de elevaci\u00f3n y deslizamiento para apilar cargas mediante un gancho, asir, im\u00e1n elevador, cuchara o cubo. El mecanismo de accionamiento puede ser manual, el\u00e9ctrico o una combinaci\u00f3n&hellip;","protected":false},"author":1,"featured_media":4995,"parent":0,"menu_order":0,"comment_status":"closed","ping_status":"closed","template":"","meta":{"footnotes":""},"class_list":["post-5188","page","type-page","status-publish","has-post-thumbnail","hentry","entry","has-media"],"_links":{"self":[{"href":"https:\/\/condra.co.za\/es\/wp-json\/wp\/v2\/pages\/5188","targetHints":{"allow":["GET"]}}],"collection":[{"href":"https:\/\/condra.co.za\/es\/wp-json\/wp\/v2\/pages"}],"about":[{"href":"https:\/\/condra.co.za\/es\/wp-json\/wp\/v2\/types\/page"}],"author":[{"embeddable":true,"href":"https:\/\/condra.co.za\/es\/wp-json\/wp\/v2\/users\/1"}],"replies":[{"embeddable":true,"href":"https:\/\/condra.co.za\/es\/wp-json\/wp\/v2\/comments?post=5188"}],"version-history":[{"count":5,"href":"https:\/\/condra.co.za\/es\/wp-json\/wp\/v2\/pages\/5188\/revisions"}],"predecessor-version":[{"id":6081,"href":"https:\/\/condra.co.za\/es\/wp-json\/wp\/v2\/pages\/5188\/revisions\/6081"}],"wp:featuredmedia":[{"embeddable":true,"href":"https:\/\/condra.co.za\/es\/wp-json\/wp\/v2\/media\/4995"}],"wp:attachment":[{"href":"https:\/\/condra.co.za\/es\/wp-json\/wp\/v2\/media?parent=5188"}],"curies":[{"name":"wp","href":"https:\/\/api.w.org\/{rel}","templated":true}]}}