{"id":5186,"date":"2016-06-14T00:00:00","date_gmt":"2016-06-14T00:00:00","guid":{"rendered":"http:\/\/localhost\/2018\/condra\/division-de-servicio-2\/"},"modified":"2018-10-19T10:11:24","modified_gmt":"2018-10-19T10:11:24","slug":"division-de-servicio","status":"publish","type":"page","link":"https:\/\/condra.co.za\/es\/division-de-servicio\/","title":{"rendered":"Divisi\u00f3n De Servicio"},"content":{"rendered":"<div class=\"wpb-content-wrapper\">[vc_row][vc_column width=\u00bb1\/2&#8243;]<h1 class=\"vcex-module vcex-heading vcex-heading-plain vc_custom_1539943708884\"><span class=\"vcex-heading-inner clr\">HISTORIA<\/span><\/h1>[vc_column_text css=\u00bb.vc_custom_1539943871738{margin-bottom: 15px !important;}\u00bb]La Divisi\u00f3n de Servicio postventa de Condra fue establecida en el a\u00f1o 1982 ofreciendo servicio de mantenimiento y repuestos a los clientes. En la actualidad estos servicios especializados se ofrecen en los talleres de tecnolog\u00eda de punta en la f\u00e1brica a las afueras de Johannesburgo donde tambi\u00e9n se capacita al personal t\u00e9cnico en lo m\u00e1s avanzado de toda marca y tipo de gr\u00faas.[\/vc_column_text]<h1 class=\"vcex-module vcex-heading vcex-heading-plain vc_custom_1539943735795\"><span class=\"vcex-heading-inner clr\">SERVICIO DE CALIDAD<\/span><\/h1>[vc_column_text]Condra es miembro de la organizaci\u00f3n sudafricana de Manejo de Materiales, as\u00ed como miembro profesional del Consejo Sudafricano de Normativas (SABS). Ya que reconocemos la importancia del mantenimiento de gr\u00faas para asegurar la calidad, seguridad y econom\u00eda de costos de operaciones industriales, nuestros agentes mantienen los m\u00e1s altos niveles de cumplimiento de normativas de calidad. Las gr\u00faas, polipastos y otros equipos de manejo de materiales de Condra son productos de calidad reconocida en el mercado internacional. Nuestros ingenieros est\u00e1n a la vanguardia en los procesos de mantenimiento y reparaciones de gr\u00faas y polipastos, garantizando precisi\u00f3n y seguridad en todo aspecto tanto para el personal t\u00e9cnico del cliente como del propio.\r\n\r\nCualquier repuesto requerido por un agente de Condra en cualquier parte del mundo est\u00e1 garantizado de ser suministrado dentro de 48 horas de ser pedido.[\/vc_column_text][\/vc_column][vc_column width=\u00bb1\/2&#8243;]<h1 class=\"vcex-module vcex-heading vcex-heading-plain vc_custom_1539943718301\"><span class=\"vcex-heading-inner clr\">ORGANIZACI\u00d3N<\/span><\/h1>[vc_column_text css=\u00bb.vc_custom_1539943879820{margin-bottom: 15px !important;}\u00bb]Contamos con seis t\u00e9cnicos dedicados a dar servicio a los clientes permanente en Gauteng, Sud\u00e1frica y hay t\u00e9cnicos en lugares estrat\u00e9gicos agentes de Condra que dan servicio a clientes alrededor del mundo. Todos los t\u00e9cnicos fuera de Sud\u00e1frica reciben capacitaci\u00f3n, actualizaci\u00f3n y apoyo constante de la Oficina Central en Johannesburgo.[\/vc_column_text]<h1 class=\"vcex-module vcex-heading vcex-heading-plain vc_custom_1539943727846\"><span class=\"vcex-heading-inner clr\">GAMA DE SERVICIOS<\/span><\/h1>[vc_column_text]\r\n<ul>\r\n \t<li>Instalaci\u00f3n y puesta en operaci\u00f3n, servicios de reparaci\u00f3n y mantenimiento de nuevas gr\u00faas.<\/li>\r\n \t<li>Contratos de mantenimiento.<\/li>\r\n \t<li>Repuestos para todas las gr\u00faas fabricadas por Condra.<\/li>\r\n \t<li>Componentes para todas las marcas de gr\u00faas.<\/li>\r\n \t<li>Actualizaci\u00f3n y refacci\u00f3n de gr\u00faas antiguas.<\/li>\r\n \t<li>Prueba de carga anual.<\/li>\r\n \t<li>Requisitos de equipamiento de elevaci\u00f3n.<\/li>\r\n \t<li>Todo trabajo de ingenier\u00eda cumple con los requisitos de normas de calidad de BS y O.H.S.A.<\/li>\r\n<\/ul>\r\n[\/vc_column_text][\/vc_column][\/vc_row]<\/div>","protected":false},"excerpt":{"rendered":"[vc_row][vc_column width=\u00bb1\/2&#8243;][vc_column_text css=\u00bb.vc_custom_1539943871738{margin-bottom: 15px !important;}\u00bb]La Divisi\u00f3n de Servicio postventa de Condra fue establecida en el a\u00f1o 1982 ofreciendo servicio de mantenimiento y repuestos a los clientes. En la actualidad estos servicios especializados se ofrecen en los talleres de tecnolog\u00eda de&hellip;","protected":false},"author":1,"featured_media":4995,"parent":0,"menu_order":0,"comment_status":"closed","ping_status":"closed","template":"","meta":{"footnotes":""},"class_list":["post-5186","page","type-page","status-publish","has-post-thumbnail","hentry","entry","has-media"],"_links":{"self":[{"href":"https:\/\/condra.co.za\/es\/wp-json\/wp\/v2\/pages\/5186","targetHints":{"allow":["GET"]}}],"collection":[{"href":"https:\/\/condra.co.za\/es\/wp-json\/wp\/v2\/pages"}],"about":[{"href":"https:\/\/condra.co.za\/es\/wp-json\/wp\/v2\/types\/page"}],"author":[{"embeddable":true,"href":"https:\/\/condra.co.za\/es\/wp-json\/wp\/v2\/users\/1"}],"replies":[{"embeddable":true,"href":"https:\/\/condra.co.za\/es\/wp-json\/wp\/v2\/comments?post=5186"}],"version-history":[{"count":4,"href":"https:\/\/condra.co.za\/es\/wp-json\/wp\/v2\/pages\/5186\/revisions"}],"predecessor-version":[{"id":5727,"href":"https:\/\/condra.co.za\/es\/wp-json\/wp\/v2\/pages\/5186\/revisions\/5727"}],"wp:featuredmedia":[{"embeddable":true,"href":"https:\/\/condra.co.za\/es\/wp-json\/wp\/v2\/media\/4995"}],"wp:attachment":[{"href":"https:\/\/condra.co.za\/es\/wp-json\/wp\/v2\/media?parent=5186"}],"curies":[{"name":"wp","href":"https:\/\/api.w.org\/{rel}","templated":true}]}}