{"id":5185,"date":"2016-06-14T00:00:00","date_gmt":"2016-06-14T00:00:00","guid":{"rendered":"http:\/\/localhost\/2018\/condra\/gama-de-productos-2\/"},"modified":"2018-12-03T10:59:54","modified_gmt":"2018-12-03T10:59:54","slug":"gama-de-productos","status":"publish","type":"page","link":"https:\/\/condra.co.za\/es\/gama-de-productos\/","title":{"rendered":"Gama De Productos"},"content":{"rendered":"<div class=\"wpb-content-wrapper\">[vc_row][vc_column][vc_column_text]<span class=\"bg-green\" style=\"font-size: 20px;\"><strong>The <strong>FEM<\/strong>-rated Hoist Range<\/strong><\/span>[\/vc_column_text][\/vc_column][vc_column width=\u00bb2\/5&#8243;][vc_single_image image=\u00bb5900&#8243;][\/vc_column][vc_column width=\u00bb3\/5&#8243;][vc_column_text]Las gr\u00faas Condra sirven para todo tipo de maniobras que impliquen levantar, enganchar, recoger con im\u00e1n elevador, cuchara, cubo y\/o apilar cargas; ya sea con mecanismos de accionamiento manuales, electr\u00f3nicos o en combinaci\u00f3n.\r\n\r\nNuestros productos incluyen:\r\n<ul>\r\n \t<li>Polipasto de cable de acero \u2013 Polipastos y Mecanismo de traslaci\u00f3n<\/li>\r\n \t<li>Puente gr\u00faa el\u00e9ctrico \u2013 Simple y Doble<\/li>\r\n \t<li>Gr\u00faa p\u00f3rtico o semi-p\u00f3rtico<\/li>\r\n \t<li>Gr\u00faa puente p\u00f3rtico o semi-p\u00f3rtico<\/li>\r\n \t<li>Gr\u00faa de voladizo m\u00e9nsula (de columna, brazo y pared)<\/li>\r\n<\/ul>\r\n[\/vc_column_text][\/vc_column][vc_column][vc_column_text]Las gr\u00faas puente son fabricadas a especificaci\u00f3n a partir de unos 250 componentes de ensamblaje, como polipastos, dispositivo de accionamiento, mecanismos de traslaci\u00f3n, frenos, caja de cambios y motores.\u00a0<strong>Condra\u00a0<\/strong>fabrica los 250 componentes.\r\n\r\nLos polipastos son fabricados seg\u00fan modelos est\u00e1ndar ajustados a las necesidades de operaciones mineras, industriales o de uso general para levantar y desplazar desde 1 a 500 toneladas. Los ganchos cumplen con la Normativa de Materiales FEM y en configuraciones simple, doble, de cuatro, seis y ocho gr\u00faas con capacidad de levantar cargas de 1 a 32 toneladas como \u00edtem de inventario y ganchos especiales capaces de levantar hasta 150 toneladas. <strong>Condra<\/strong> ofrece, as\u00ed mismo, sistemas de bucle de cable o fest\u00f3n, carritos porta cables y de l\u00ednea a\u00e9rea.\r\n\r\nCondra es el distribuidor exclusivo sudafricano de la Gama de Hitachi de Cables Polipasto. Ya puede obtener todo el equipo de elevaci\u00f3n que requiera de una sola compa\u00f1\u00eda.\r\n\r\nOfrecemos equipamiento de elevaci\u00f3n de 250kg a 500kg en toda clasificaci\u00f3n de configuraci\u00f3n de motor simple, doble o de velocidad variable.[\/vc_column_text][\/vc_column][\/vc_row]<\/div>","protected":false},"excerpt":{"rendered":"[vc_row][vc_column][vc_column_text]The FEM-rated Hoist Range[\/vc_column_text][\/vc_column][vc_column width=\u00bb2\/5&#8243;][vc_single_image image=\u00bb5900&#8243;][\/vc_column][vc_column width=\u00bb3\/5&#8243;][vc_column_text]Las gr\u00faas Condra sirven para todo tipo de maniobras que impliquen levantar, enganchar, recoger con im\u00e1n elevador, cuchara, cubo y\/o apilar cargas; ya sea con mecanismos de accionamiento manuales, electr\u00f3nicos o en combinaci\u00f3n. Nuestros&hellip;","protected":false},"author":1,"featured_media":4995,"parent":0,"menu_order":0,"comment_status":"closed","ping_status":"closed","template":"","meta":{"footnotes":""},"class_list":["post-5185","page","type-page","status-publish","has-post-thumbnail","hentry","entry","has-media"],"_links":{"self":[{"href":"https:\/\/condra.co.za\/es\/wp-json\/wp\/v2\/pages\/5185","targetHints":{"allow":["GET"]}}],"collection":[{"href":"https:\/\/condra.co.za\/es\/wp-json\/wp\/v2\/pages"}],"about":[{"href":"https:\/\/condra.co.za\/es\/wp-json\/wp\/v2\/types\/page"}],"author":[{"embeddable":true,"href":"https:\/\/condra.co.za\/es\/wp-json\/wp\/v2\/users\/1"}],"replies":[{"embeddable":true,"href":"https:\/\/condra.co.za\/es\/wp-json\/wp\/v2\/comments?post=5185"}],"version-history":[{"count":5,"href":"https:\/\/condra.co.za\/es\/wp-json\/wp\/v2\/pages\/5185\/revisions"}],"predecessor-version":[{"id":6124,"href":"https:\/\/condra.co.za\/es\/wp-json\/wp\/v2\/pages\/5185\/revisions\/6124"}],"wp:featuredmedia":[{"embeddable":true,"href":"https:\/\/condra.co.za\/es\/wp-json\/wp\/v2\/media\/4995"}],"wp:attachment":[{"href":"https:\/\/condra.co.za\/es\/wp-json\/wp\/v2\/media?parent=5185"}],"curies":[{"name":"wp","href":"https:\/\/api.w.org\/{rel}","templated":true}]}}