{"id":5184,"date":"2016-06-14T00:00:00","date_gmt":"2016-06-14T00:00:00","guid":{"rendered":"http:\/\/localhost\/2018\/condra\/sobre-nosotros-2\/"},"modified":"2018-10-26T12:15:15","modified_gmt":"2018-10-26T12:15:15","slug":"sobre-nosotros","status":"publish","type":"page","link":"https:\/\/condra.co.za\/es\/sobre-nosotros\/","title":{"rendered":"Sobre Nosotros | About Us"},"content":{"rendered":"&nbsp;\r\n\r\n<strong>Historia de la Compa\u00f1\u00eda <\/strong>\r\n\r\nInicialmente la empresa de consultor\u00eda con sede en Johannesburgo, ofrec\u00eda servicios de ingenier\u00eda. Hasta que los resultados de un estudio del mercado sudafricano de gr\u00faas y polipastos se\u00f1al\u00f3 la gran oportunidad para que Condra se transformase en fabricante local de equipos de elevaci\u00f3n y no solo ensamblador de gr\u00faas a partir de componentes importados. El estudio de investigaci\u00f3n revel\u00f3 la existencia de una importante demanda de gr\u00faas industriales y polipastos que Condra podr\u00eda ofrecer a excelentes precios competitivos.\r\n\r\nMEn el a\u00f1o 1971 Condra inici\u00f3 la fabricaci\u00f3n de las primeras gr\u00faas puente. Cuatro a\u00f1os m\u00e1s tarde se trasladaron a otras instalaciones donde los primeros polipastos fueron dise\u00f1ados y fabricados, esta f\u00e1brica a\u00fan se encontraba en Johannesburgo. Hasta la fecha la oficina central de Condra se encuentra en Johannesburgo, pero el gran \u00e9xito de la compa\u00f1\u00eda result\u00f3 en una ampliaci\u00f3n al doble de sus instalaciones hacia 1982 y finalmente en el a\u00f1o 2008 se construy\u00f3 la f\u00e1brica actual de Condra sobre un terreno de 22,000m<sup>2<\/sup> y un \u00e1rea techada de 8,000m<sup>2<\/sup>, tres veces m\u00e1s grande que la f\u00e1brica anterior.\r\n\r\nEn esa \u00e9poca, Condra inici\u00f3 operaciones en su primera planta en suelo europeo en Dryanovo, Bulgaria.\r\n\r\n<strong>Antecedentes financieros <\/strong>\r\n\r\nEl se\u00f1or Josef Kleiner, fundador y director general contin\u00faa siendo el \u00fanico propietario de la compa\u00f1\u00eda.\r\nLa compa\u00f1\u00eda no cuenta con accionistas externos, sino que su capital procede de las utilidades generadas por las ventas de su gama de productos de indiscutible calidad.","protected":false},"excerpt":{"rendered":"&nbsp; Historia de la Compa\u00f1\u00eda Inicialmente la empresa de consultor\u00eda con sede en Johannesburgo, ofrec\u00eda servicios de ingenier\u00eda. Hasta que los resultados de un estudio del mercado sudafricano de gr\u00faas y polipastos se\u00f1al\u00f3 la gran oportunidad para que Condra se&hellip;","protected":false},"author":1,"featured_media":4995,"parent":0,"menu_order":0,"comment_status":"closed","ping_status":"closed","template":"","meta":{"footnotes":""},"class_list":["post-5184","page","type-page","status-publish","has-post-thumbnail","hentry","entry","has-media"],"_links":{"self":[{"href":"https:\/\/condra.co.za\/es\/wp-json\/wp\/v2\/pages\/5184","targetHints":{"allow":["GET"]}}],"collection":[{"href":"https:\/\/condra.co.za\/es\/wp-json\/wp\/v2\/pages"}],"about":[{"href":"https:\/\/condra.co.za\/es\/wp-json\/wp\/v2\/types\/page"}],"author":[{"embeddable":true,"href":"https:\/\/condra.co.za\/es\/wp-json\/wp\/v2\/users\/1"}],"replies":[{"embeddable":true,"href":"https:\/\/condra.co.za\/es\/wp-json\/wp\/v2\/comments?post=5184"}],"version-history":[{"count":2,"href":"https:\/\/condra.co.za\/es\/wp-json\/wp\/v2\/pages\/5184\/revisions"}],"predecessor-version":[{"id":5958,"href":"https:\/\/condra.co.za\/es\/wp-json\/wp\/v2\/pages\/5184\/revisions\/5958"}],"wp:featuredmedia":[{"embeddable":true,"href":"https:\/\/condra.co.za\/es\/wp-json\/wp\/v2\/media\/4995"}],"wp:attachment":[{"href":"https:\/\/condra.co.za\/es\/wp-json\/wp\/v2\/media?parent=5184"}],"curies":[{"name":"wp","href":"https:\/\/api.w.org\/{rel}","templated":true}]}}