{"id":5382,"date":"2015-11-24T00:00:00","date_gmt":"2015-11-24T00:00:00","guid":{"rendered":"http:\/\/localhost\/2018\/condra\/components\/"},"modified":"2018-10-22T10:53:33","modified_gmt":"2018-10-22T10:53:33","slug":"komponenten","status":"publish","type":"page","link":"https:\/\/condra.co.za\/de\/komponenten\/","title":{"rendered":"Komponenten und Montageteile"},"content":{"rendered":"<div class=\"wpb-content-wrapper\">[vc_row][vc_column][vc_column_text]Neben der Konstruktion und Fertigung kompletter Kr\u00e4ne bietet Condra auch die L\u00f6sung f\u00fcr jedwede Anforderung an einzelne Komponenten.\r\n\r\nBei der Beschaffung aller ben\u00f6tigten Komponenten f\u00fcr die Endmontage brauchen die Kranmonteure nicht mehr mit vielen verschiedenen Lieferanten zusammenarbeiten. Condra passt Komponenten an alle Anforderungen an und bietet Hebezeuge, Krankatzen, Bodenbl\u00f6cke, Fahrwerkstr\u00e4ger, Kabelaufrolltrommeln, Kabelschleifensysteme und geschlossene Leitersysteme.\r\n\r\n<img loading=\"lazy\" decoding=\"async\" class=\"alignleft size-full wp-image-5698\" src=\"\/wp-content\/uploads\/2015\/12\/Direct_Drives.jpg\" alt=\"\" width=\"210\" height=\"192\" \/>Langlaufantriebe mit verschiedener Kapazit\u00e4t k\u00f6nnen auch nach Kundenspezifikation geliefert werden, sowohl in Einzel- als auch Zweitr\u00e4gerkonfigurationen sowie eine Auswahl von kompletten Standard-Zwei-Geschwindigkeits-Fahrwerkstr\u00e4ger (variable Geschwindigkeit ist optional), individuelle Antriebe und Losr\u00e4der von 125 bis 630 mm Durchmesser, Antriebs-\/Nachlaufr\u00e4der und zugeh\u00f6rige Komponenten.\r\n\r\nAlle Komponenten sind in kurzen Lieferzeiten direkt von Condra\u2018s Germiston Fabrik verf\u00fcgbar.\r\n\r\nDer Schwerpunkt liegt auf der Anpassungsf\u00e4higkeit und Robustheit einer umfassenden Auswahl von Standardkomponenten. Gro\u00dfe Lagerbest\u00e4nde erm\u00f6glichen k\u00fcrzere Vorlaufzeiten. Gro\u00dfe St\u00fcckzahlen von Standardbauteilen f\u00fchren dazu, dass die Bauteilpreise oft deutlich unter denen konkurrierender Firmen liegen.[\/vc_column_text][\/vc_column][\/vc_row]<\/div>","protected":false},"excerpt":{"rendered":"[vc_row][vc_column][vc_column_text]Neben der Konstruktion und Fertigung kompletter Kr\u00e4ne bietet Condra auch die L\u00f6sung f\u00fcr jedwede Anforderung an einzelne Komponenten. Bei der Beschaffung aller ben\u00f6tigten Komponenten f\u00fcr die Endmontage brauchen die Kranmonteure nicht mehr mit vielen verschiedenen Lieferanten zusammenarbeiten. Condra passt Komponenten&hellip;","protected":false},"author":1,"featured_media":4995,"parent":0,"menu_order":0,"comment_status":"closed","ping_status":"closed","template":"","meta":{"footnotes":""},"class_list":["post-5382","page","type-page","status-publish","has-post-thumbnail","hentry","entry","has-media"],"_links":{"self":[{"href":"https:\/\/condra.co.za\/de\/wp-json\/wp\/v2\/pages\/5382","targetHints":{"allow":["GET"]}}],"collection":[{"href":"https:\/\/condra.co.za\/de\/wp-json\/wp\/v2\/pages"}],"about":[{"href":"https:\/\/condra.co.za\/de\/wp-json\/wp\/v2\/types\/page"}],"author":[{"embeddable":true,"href":"https:\/\/condra.co.za\/de\/wp-json\/wp\/v2\/users\/1"}],"replies":[{"embeddable":true,"href":"https:\/\/condra.co.za\/de\/wp-json\/wp\/v2\/comments?post=5382"}],"version-history":[{"count":3,"href":"https:\/\/condra.co.za\/de\/wp-json\/wp\/v2\/pages\/5382\/revisions"}],"predecessor-version":[{"id":5756,"href":"https:\/\/condra.co.za\/de\/wp-json\/wp\/v2\/pages\/5382\/revisions\/5756"}],"wp:featuredmedia":[{"embeddable":true,"href":"https:\/\/condra.co.za\/de\/wp-json\/wp\/v2\/media\/4995"}],"wp:attachment":[{"href":"https:\/\/condra.co.za\/de\/wp-json\/wp\/v2\/media?parent=5382"}],"curies":[{"name":"wp","href":"https:\/\/api.w.org\/{rel}","templated":true}]}}