{"id":5366,"date":"2015-12-07T00:00:00","date_gmt":"2015-12-07T00:00:00","guid":{"rendered":"http:\/\/localhost\/2018\/condra\/hoists\/"},"modified":"2018-12-03T10:34:20","modified_gmt":"2018-12-03T10:34:20","slug":"baureihe-hebezeuge","status":"publish","type":"page","link":"https:\/\/condra.co.za\/de\/baureihe-hebezeuge\/","title":{"rendered":"Baureihe Hebezeuge"},"content":{"rendered":"<div class=\"wpb-content-wrapper\">[vc_row][vc_column width=&#8220;1\/2&#8243;][vc_single_image image=&#8220;5926&#8243;][vc_column_text]\r\n<h1>K-SERIEN HEBEZEUGE\r\n(bis zu 250t in Standard- und Hochhub)<\/h1>\r\nDie seit 1972 hergestellt stabilen und robusten Condra K-Serie-Hebezeuge wurden weltweit unter unterschiedlichsten Betriebsbedingungen in drei Hauptkonfigurationen installiert: Fu\u00dfzug-, Einschienen- und Doppelschienenkrankatzen. Hub und Einscherungsanordnungen schliessen Hakenwanderung aus.\r\n<ul>\r\n \t<li>Vollst\u00e4ndig abgedeckte Hebezeuge der K-Serie bieten Hubf\u00e4higkeiten von bis zu 32 Tonnen, w\u00e4hrend Open-Drum-Einheiten Kapazit\u00e4ten von mehr als 250 Tonnen haben.<\/li>\r\n \t<li>Zu den Merkmalen aller Modelle geh\u00f6ren elektromagnetische DC-Scheibenbremsen, Standardmotoren in Rahmenbauweise mit parallelen Rotoren, doppeltwirkende Endschalter, solide Bronzeseilf\u00fchrungen und vollst\u00e4ndig gekapselte, tauchgeschmierte Getriebe. Variable Geschwindigkeit ist auf Anfrage erh\u00e4ltlich.<\/li>\r\n \t<li>Die K-Serie ist der Marktf\u00fchrer f\u00fcr Hochhubanwendungen, bew\u00e4hrt in Anlagen mit Hubh\u00f6hen bis zu 150 Metern. Diese Hebezeuge sind unter den Bedingungen erh\u00f6hter mechanischer Beanspruchung, die typischerweise bei Anwendungen mit hohem Hub auftreten zuverl\u00e4ssig, haltbar und robust.<\/li>\r\n \t<li>Grosse Serienproduktionen von Standard-Ersatzteilen sorgen f\u00fcr Ersatzteilverf\u00fcgbarkeit, g\u00fcnstigere Teile, niedrige Wartungskosten und Einsparungen auf lange Sicht.<\/li>\r\n<\/ul>\r\n<div class=\"clear\"><\/div>[\/vc_column_text][vc_single_image image=&#8220;5927&#8243;][vc_column_text]\r\n<h1>TITAN KOMPAKT SERIEN\r\n(bis zu 32t)<\/h1>\r\nDie Titan-Kompakthebezeuge von Condra bieten alle modularen Funktionen der fr\u00fcheren K-Serie f\u00fcr jede Anwendung, jedoch in einer verfeinerten und kompakteren Bauweise mit einer Hubkapazit\u00e4t von bis zu 32 Tonnen.\r\n<ul>\r\n \t<li>Charakteristische Merkmale aller Modelle sind elektromagnetische DC-Scheibenbremsen, Standardmotoren in Rahmenbauweise mit parallelen Rotoren, doppeltwirkende Endschalter, solide Bronzeseilf\u00fchrungen und vollst\u00e4ndig gekapselte, tauchgeschmierte Getriebe.<\/li>\r\n \t<li>Die Compact-Serie umfasst au\u00dferdem Verbesserungen wie automatische Seilspannung, laufruhigere Fahrbewegungen, eingebaute Lastbegrenzer, standardisierter Direktantrieb und universelle Fahrgestelle.<\/li>\r\n \t<li>Umfangreich Serienproduktionen von Standard-Ersatzteilen resultieren in kosteng\u00fcnstigeren und unmittelbar verf\u00fcgbaren Teilen und bieten gro\u00dfe Einsparungen im Laufe der Nutzungsdauer des Hebezeugs.<\/li>\r\n<\/ul>\r\n<div class=\"clear\"><\/div>[\/vc_column_text][\/vc_column][vc_column width=&#8220;1\/2&#8243;][vc_single_image image=&#8220;5924&#8243;][vc_column_text]\r\n<h1>TITAN SH-SERIEN\r\n(bis zu 16t)<\/h1>\r\nDie SH (Short Headroom) Titan Hebezeuge von Condra sind so konstruiert, dass sie den teuren Fabrikraum \u2013 sowohl Kopfraum als auch Boden \u2013 f\u00fcr Kapazit\u00e4ten von bis zu 16 Tonnen optimal ausnutzen.\r\n\r\nDurch dieses neue, auf der \u00e4u\u00dferst erfolgreichen K-Serie basierende Design wurde die Gr\u00f6\u00dfe vieler Originalkomponenten verringert, um die Bauh\u00f6he des fertig montierten Kranes zu reduzieren und somit ein um 20% niedrigeres Profil als das Vorg\u00e4ngermodell zu erhalten, was in einer zus\u00e4tzlichen Hubh\u00f6he resultiert.\r\n\r\nZu den zahlreichen Zusatzfunktionen der SH-Serie geh\u00f6ren Verbesserungen wie automatische Seilspannung, laufruhigere Fahrbewegungen, eingebaute Lastbegrenzer, standardisierter Direktantrieb und universelle Fahrgestelle.\r\n\r\n<div class=\"clear\"><\/div>[\/vc_column_text][\/vc_column][\/vc_row]<\/div>","protected":false},"excerpt":{"rendered":"[vc_row][vc_column width=&#8220;1\/2&#8243;][vc_single_image image=&#8220;5926&#8243;][vc_column_text] K-SERIEN HEBEZEUGE (bis zu 250t in Standard- und Hochhub) Die seit 1972 hergestellt stabilen und robusten Condra K-Serie-Hebezeuge wurden weltweit unter unterschiedlichsten Betriebsbedingungen in drei Hauptkonfigurationen installiert: Fu\u00dfzug-, Einschienen- und Doppelschienenkrankatzen. Hub und Einscherungsanordnungen schliessen Hakenwanderung aus.&hellip;","protected":false},"author":1,"featured_media":4995,"parent":0,"menu_order":0,"comment_status":"closed","ping_status":"closed","template":"","meta":{"footnotes":""},"class_list":["post-5366","page","type-page","status-publish","has-post-thumbnail","hentry","entry","has-media"],"_links":{"self":[{"href":"https:\/\/condra.co.za\/de\/wp-json\/wp\/v2\/pages\/5366","targetHints":{"allow":["GET"]}}],"collection":[{"href":"https:\/\/condra.co.za\/de\/wp-json\/wp\/v2\/pages"}],"about":[{"href":"https:\/\/condra.co.za\/de\/wp-json\/wp\/v2\/types\/page"}],"author":[{"embeddable":true,"href":"https:\/\/condra.co.za\/de\/wp-json\/wp\/v2\/users\/1"}],"replies":[{"embeddable":true,"href":"https:\/\/condra.co.za\/de\/wp-json\/wp\/v2\/comments?post=5366"}],"version-history":[{"count":16,"href":"https:\/\/condra.co.za\/de\/wp-json\/wp\/v2\/pages\/5366\/revisions"}],"predecessor-version":[{"id":6117,"href":"https:\/\/condra.co.za\/de\/wp-json\/wp\/v2\/pages\/5366\/revisions\/6117"}],"wp:featuredmedia":[{"embeddable":true,"href":"https:\/\/condra.co.za\/de\/wp-json\/wp\/v2\/media\/4995"}],"wp:attachment":[{"href":"https:\/\/condra.co.za\/de\/wp-json\/wp\/v2\/media?parent=5366"}],"curies":[{"name":"wp","href":"https:\/\/api.w.org\/{rel}","templated":true}]}}