{"id":5361,"date":"2015-11-25T00:00:00","date_gmt":"2015-11-25T00:00:00","guid":{"rendered":"http:\/\/localhost\/2018\/condra\/crane-range\/"},"modified":"2018-12-03T10:30:07","modified_gmt":"2018-12-03T10:30:07","slug":"baureihe-kraene","status":"publish","type":"page","link":"https:\/\/condra.co.za\/de\/baureihe-kraene\/","title":{"rendered":"Baureihe Kr\u00e4ne"},"content":{"rendered":"<div class=\"wpb-content-wrapper\">[vc_row][vc_column width=&#8220;1\/2&#8243;]<h1 class=\"vcex-module vcex-heading vcex-heading-plain vc_custom_1539944891015\"><span class=\"vcex-heading-inner clr\">Spezialkr\u00e4ne<\/span><\/h1>[vc_column_text css=&#8220;.vc_custom_1540563955835{margin-bottom: 15px !important;}&#8220;]<img loading=\"lazy\" decoding=\"async\" class=\"size-full wp-image-5608 alignleft\" src=\"\/wp-content\/uploads\/2015\/11\/Mining_Special_Crane.jpg\" alt=\"\" width=\"197\" height=\"148\" \/>Kr\u00e4ne k\u00f6nnen f\u00fcr fast jede Art von Anwendung, Heben und\/oder Stapeln mit Haken, Greifer, Magneten, Sch\u00f6pfkellen oder Eimern konstruiert werden. Die Bedienung kann manuell, elektrisch oder in Kombinationen davon erfolgen.\r\n<div class=\"clear\"><\/div>\r\n<h1>Condra entwirft und fertigt:<\/h1>\r\n<ul>\r\n \t<li>Seilhebezeuge und Komponenten &#8211; Hebezeuge und Fahrwerkstr\u00e4ger<\/li>\r\n \t<li>Laufkr\u00e4ne \u2013 Ein- und Zweitr\u00e4ger<\/li>\r\n \t<li>Portal- oder Semi-Portal Kr\u00e4ne<\/li>\r\n \t<li>Portal- oder Semi-Portal Br\u00fcckenkr\u00e4ne<\/li>\r\n \t<li>Auslegerkr\u00e4ne (S\u00e4ule, Schwenkarm und Wand)<\/li>\r\n<\/ul>\r\nAus etwa 250 Baugruppen werden Laufkr\u00e4ne nach Ma\u00df gefertigt deren Hauptbestandteile Hebezeuge, Antriebe, Fahrwerkstr\u00e4ger, Bremsen, Getriebe und Motoren sind. Condra fertigt alle 250 Baugruppen.\r\n\r\nHebezeuge werden in verschiedenen Standardmodellen hergestellt, die f\u00fcr die meisten Bergbau-, Industrie- und allgemeinen Anwendungen von 1 bis 500 Tonnen geeignet sind.[\/vc_column_text]<h1 class=\"vcex-module vcex-heading vcex-heading-plain vc_custom_1539944926528\"><span class=\"vcex-heading-inner clr\">Antriebe<\/span><\/h1>[vc_column_text]Langantriebe mit unterschiedlichen Kapazit\u00e4ten k\u00f6nnen nach Kundenspezifikation entweder in Einzel- oder Zweitr\u00e4gerkonfigurationen geliefert werden, ebenso wie eine Auswahl von kompletten Standard-Zwei-Geschwindigkeits-Fahrwerkstr\u00e4ger (variable Geschwindigkeit ist optional), individuelle Antriebe und Losr\u00e4der von 125 bis 630 mm Durchmesser, Antriebs-\/Nachlaufr\u00e4der und zugeh\u00f6rige Komponenten.[\/vc_column_text][\/vc_column][vc_column width=&#8220;1\/2&#8243;]<h1 class=\"vcex-module vcex-heading vcex-heading-plain vc_custom_1539944905813\"><span class=\"vcex-heading-inner clr\">Zweitr\u00e4gerlaufkran<\/span><\/h1>[vc_column_text css=&#8220;.vc_custom_1543833002752{margin-bottom: 15px !important;}&#8220;]<img loading=\"lazy\" decoding=\"async\" class=\"alignleft size-full wp-image-5607\" src=\"\/wp-content\/uploads\/2015\/11\/Double_Girder.jpg\" alt=\"\" width=\"200\" height=\"150\" \/>Ihre bevorzugte Variante\r\n\r\nDas Zweitr\u00e4ger-Design von Condra bietet eine Arbeitsb\u00fchne mit gr\u00f6\u00dferer Stabilit\u00e4t, absoluter Hubpr\u00e4zision und lebenslanger Haltbarkeit. Der Neupreis ist auf kurze Sicht geringf\u00fcgig teurer, aber in Hinblick auf eine sehr lange Nutzungsdauer um ein Vielfaches gerechtfertigt. Das Zweitr\u00e4ger-Format ist die ultimative industrielle Hubl\u00f6sung.[\/vc_column_text]<h1 class=\"vcex-module vcex-heading vcex-heading-plain vc_custom_1539944918422\"><span class=\"vcex-heading-inner clr\">Eintr\u00e4gerlaufkran<\/span><\/h1>[vc_column_text]<img loading=\"lazy\" decoding=\"async\" class=\"size-full wp-image-5609 alignleft\" src=\"\/wp-content\/uploads\/2015\/11\/Singel__Girder.jpg\" alt=\"\" width=\"198\" height=\"263\" \/>Die Basisl\u00f6sung\r\n\r\nDas Eintr\u00e4ger-Design von Condra liefert einen Laufkran, der funktional, langlebig und robust ist. Es ist eine elementare, aber effektive L\u00f6sung f\u00fcr viele Standard-Fabrikanwendungen.[\/vc_column_text][\/vc_column][\/vc_row]<\/div>","protected":false},"excerpt":{"rendered":"[vc_row][vc_column width=&#8220;1\/2&#8243;][vc_column_text css=&#8220;.vc_custom_1540563955835{margin-bottom: 15px !important;}&#8220;]Kr\u00e4ne k\u00f6nnen f\u00fcr fast jede Art von Anwendung, Heben und\/oder Stapeln mit Haken, Greifer, Magneten, Sch\u00f6pfkellen oder Eimern konstruiert werden. Die Bedienung kann manuell, elektrisch oder in Kombinationen davon erfolgen. Condra entwirft und fertigt: Seilhebezeuge und&hellip;","protected":false},"author":1,"featured_media":4995,"parent":0,"menu_order":0,"comment_status":"closed","ping_status":"closed","template":"","meta":{"footnotes":""},"class_list":["post-5361","page","type-page","status-publish","has-post-thumbnail","hentry","entry","has-media"],"_links":{"self":[{"href":"https:\/\/condra.co.za\/de\/wp-json\/wp\/v2\/pages\/5361","targetHints":{"allow":["GET"]}}],"collection":[{"href":"https:\/\/condra.co.za\/de\/wp-json\/wp\/v2\/pages"}],"about":[{"href":"https:\/\/condra.co.za\/de\/wp-json\/wp\/v2\/types\/page"}],"author":[{"embeddable":true,"href":"https:\/\/condra.co.za\/de\/wp-json\/wp\/v2\/users\/1"}],"replies":[{"embeddable":true,"href":"https:\/\/condra.co.za\/de\/wp-json\/wp\/v2\/comments?post=5361"}],"version-history":[{"count":10,"href":"https:\/\/condra.co.za\/de\/wp-json\/wp\/v2\/pages\/5361\/revisions"}],"predecessor-version":[{"id":6116,"href":"https:\/\/condra.co.za\/de\/wp-json\/wp\/v2\/pages\/5361\/revisions\/6116"}],"wp:featuredmedia":[{"embeddable":true,"href":"https:\/\/condra.co.za\/de\/wp-json\/wp\/v2\/media\/4995"}],"wp:attachment":[{"href":"https:\/\/condra.co.za\/de\/wp-json\/wp\/v2\/media?parent=5361"}],"curies":[{"name":"wp","href":"https:\/\/api.w.org\/{rel}","templated":true}]}}