{"id":5355,"date":"2015-11-11T00:00:00","date_gmt":"2015-11-11T00:00:00","guid":{"rendered":"http:\/\/localhost\/2018\/condra\/service-division\/"},"modified":"2018-10-19T10:15:10","modified_gmt":"2018-10-19T10:15:10","slug":"service-abteilung","status":"publish","type":"page","link":"https:\/\/condra.co.za\/de\/service-abteilung\/","title":{"rendered":"Service Abteilung"},"content":{"rendered":"<div class=\"wpb-content-wrapper\">[vc_row][vc_column width=&#8220;1\/2&#8243;]<h1 class=\"vcex-module vcex-heading vcex-heading-plain vc_custom_1539943968582\"><span class=\"vcex-heading-inner clr\">Werdegang<\/span><\/h1>[vc_column_text css=&#8220;.vc_custom_1539944099357{margin-bottom: 15px !important;}&#8220;]1982 wurde Condra&#8217;s Service Abteilung gegr\u00fcndet, um bestehenden Kunden Kundendienst, Ersatzteile und Wartung zu bieten. Heute bieten spezielle Schulungseinrichtungen in der auf dem neuesten Stand der Technik befindlichen Fabrik von Condra au\u00dferhalb von Johannesburg den Technikern fortlaufende Schulungen und Erfahrungen in allen Krantypen.[\/vc_column_text]<h1 class=\"vcex-module vcex-heading vcex-heading-plain vc_custom_1539943988368\"><span class=\"vcex-heading-inner clr\">Servicestandard<\/span><\/h1>[vc_column_text]Condra ist ein mit dem &#8222;South African Institute of Materials Handling&#8220; verbundenes Unternehmen und hat Sitz im &#8222;Professional Members Council&#8220; des &#8222;South African Bureau of Standards&#8220; (SABS). Wir sind uns bewusst, dass die Wartung von Kr\u00e4nen ein wesentlicher Bestandteil des Betriebes ist, was Kosten, Qualit\u00e4t und Sicherheit betrifft. Condra&#8217;s Platz auf dem internationalen Markt als seri\u00f6ser, zuverl\u00e4ssiger Lieferant von Hebezeugen, Kr\u00e4nen und anderen F\u00f6rderger\u00e4ten wird von unseren Agenten, die einen strengen Standard einhalten, gew\u00e4hrleistet. Das Management ist stets auf dem Laufenden mit den lokalen und internationalen Trends bei Wartungs- und Reparaturverfahren, wobei ein besonderes Augenmerk auf die Sicherheit im Hinblick sowohl auf die Kunden als auch auf unser Personal gelegt wird.\r\n\r\nCondra garantiert die Lieferung innerhalb von 48 Stunden an jedem Ort der Welt falls ein Agent ein Ersatzteil ben\u00f6tigt, das nicht auf Lager ist.[\/vc_column_text][\/vc_column][vc_column width=&#8220;1\/2&#8243;]<h1 class=\"vcex-module vcex-heading vcex-heading-plain vc_custom_1539943980770\"><span class=\"vcex-heading-inner clr\">Organisation<\/span><\/h1>[vc_column_text css=&#8220;.vc_custom_1539944104806{margin-bottom: 15px !important;}&#8220;]Sechs Servicetechniker sind in Gauteng, S\u00fcdafrika, im Bereitschaftsdienst um rund um die Uhr Vertragskunden zu betreuen und weltweit k\u00fcmmern sich lokale Agenten um Condra\u2019s Anlagen. Alle Agenten werden von der Zentrale in Johannesburg unterst\u00fctzt, umgeschult und auf den neuesten Stand gebracht.[\/vc_column_text]<h1 class=\"vcex-module vcex-heading vcex-heading-plain vc_custom_1539943998702\"><span class=\"vcex-heading-inner clr\">Services<\/span><\/h1>[vc_column_text]\r\n<ul>\r\n \t<li>Installierung und Inbetriebnahme, Service, Instandhaltung und Wartung von neuen Kr\u00e4nen.<\/li>\r\n \t<li>Wartungsvertr\u00e4ge<\/li>\r\n \t<li>Ersatzteile f\u00fcr Condra Kr\u00e4ne<\/li>\r\n \t<li>Komponenten f\u00fcr alle Krantypen<\/li>\r\n \t<li>Modernisierung und Sanierung von \u00e4lteren Kr\u00e4nen<\/li>\r\n \t<li>J\u00e4hrlicher Belastungstest<\/li>\r\n \t<li>Anforderungen an Hebezeuge<\/li>\r\n \t<li>Alle Arbeiten werden gem\u00e4\u00df BS (British Standard) und O.H.S.A. (Occupational Health and Safety Administration) durchgef\u00fchrt.<\/li>\r\n<\/ul>\r\n[\/vc_column_text][\/vc_column][\/vc_row]<\/div>","protected":false},"excerpt":{"rendered":"[vc_row][vc_column width=&#8220;1\/2&#8243;][vc_column_text css=&#8220;.vc_custom_1539944099357{margin-bottom: 15px !important;}&#8220;]1982 wurde Condra&#8217;s Service Abteilung gegr\u00fcndet, um bestehenden Kunden Kundendienst, Ersatzteile und Wartung zu bieten. Heute bieten spezielle Schulungseinrichtungen in der auf dem neuesten Stand der Technik befindlichen Fabrik von Condra au\u00dferhalb von Johannesburg den Technikern&hellip;","protected":false},"author":1,"featured_media":4995,"parent":0,"menu_order":0,"comment_status":"closed","ping_status":"closed","template":"","meta":{"footnotes":""},"class_list":["post-5355","page","type-page","status-publish","has-post-thumbnail","hentry","entry","has-media"],"_links":{"self":[{"href":"https:\/\/condra.co.za\/de\/wp-json\/wp\/v2\/pages\/5355","targetHints":{"allow":["GET"]}}],"collection":[{"href":"https:\/\/condra.co.za\/de\/wp-json\/wp\/v2\/pages"}],"about":[{"href":"https:\/\/condra.co.za\/de\/wp-json\/wp\/v2\/types\/page"}],"author":[{"embeddable":true,"href":"https:\/\/condra.co.za\/de\/wp-json\/wp\/v2\/users\/1"}],"replies":[{"embeddable":true,"href":"https:\/\/condra.co.za\/de\/wp-json\/wp\/v2\/comments?post=5355"}],"version-history":[{"count":7,"href":"https:\/\/condra.co.za\/de\/wp-json\/wp\/v2\/pages\/5355\/revisions"}],"predecessor-version":[{"id":5729,"href":"https:\/\/condra.co.za\/de\/wp-json\/wp\/v2\/pages\/5355\/revisions\/5729"}],"wp:featuredmedia":[{"embeddable":true,"href":"https:\/\/condra.co.za\/de\/wp-json\/wp\/v2\/media\/4995"}],"wp:attachment":[{"href":"https:\/\/condra.co.za\/de\/wp-json\/wp\/v2\/media?parent=5355"}],"curies":[{"name":"wp","href":"https:\/\/api.w.org\/{rel}","templated":true}]}}