{"id":5348,"date":"2015-12-07T00:00:00","date_gmt":"2015-12-07T00:00:00","guid":{"rendered":"http:\/\/localhost\/2018\/condra\/products-range\/"},"modified":"2019-01-14T08:08:23","modified_gmt":"2019-01-14T08:08:23","slug":"produkte","status":"publish","type":"page","link":"https:\/\/condra.co.za\/de\/produkte\/","title":{"rendered":"Produkte"},"content":{"rendered":"<div class=\"wpb-content-wrapper\">[vc_row][vc_column][vc_column_text]<span class=\"bg-green\" style=\"font-size: 20px;\"><strong>FEM-klassifizierte Hubzeugreihe<\/strong><\/span>[\/vc_column_text][\/vc_column][vc_column width=&#8220;2\/5&#8243;][vc_single_image image=&#8220;6204&#8243;][\/vc_column][vc_column width=&#8220;3\/5&#8243;][vc_column_text]Condra Kr\u00e4ne sind einsetzbar f\u00fcr Haken, Greifer, Magnet, Pfanne, Korb und Stapelung und k\u00f6nnen manuell, elektrisch oder in Kombination betrieben werden.<\/p>\r\n<p>Typische Fabrikate inkludieren:<\/p>\r\n<ul>\r\n<li>Seilzughebezeuge und Komponenten \u2013 Hebezeuge und Fahrwerkstr\u00e4ger<\/li>\r\n<li>Laufkr\u00e4ne \u2013 Eintr\u00e4ger und Zweitr\u00e4ger<\/li>\r\n<li>Portal- oder Halbportalkr\u00e4ne<\/li>\r\n<li>Portal- oder Halbportalbr\u00fcckenkr\u00e4ne<\/li>\r\n<li>Auslegerkr\u00e4ne (S\u00e4ule, Schwenkarm und Wand)<\/li>\r\n<\/ul>\r\n[\/vc_column_text][\/vc_column][vc_column][vc_column_text]Br\u00fcckenkr\u00e4ne werden in Einzelanfertigung aus 250 Baugruppen hergestellt, Hauptbestandteile sind Hebezeuge, Antriebe, Fahrwerkstr\u00e4ger, Bremsen, Getriebe und Motoren. Condra erzeugt alle 250 Baugruppen.<\/p>\r\n<p>Hebezeuge werden in verschiedenen Standardvarianten erzeugt und sind im Bereich von 1 bis 500 Tonnen f\u00fcr die meisten Bergbau-, Industrie- und allgemeine Anwendungen geeignet. Die nach dem FEM-Standard gefertigten Haken werden ab Lager in einfacher, doppelter, vierfacher, sechsfacher und achtfacher Seilausf\u00fchrung f\u00fcr Hublasten von 1 bis 32 Tonnen angeboten. Sonderhaken f\u00fcr bis zu 150 Tonnen sind auf Anfrage lieferbar. Condra liefert ebenfalls offene oder geschlossene Kabelschleifen- und F\u00fchrungsschienensysteme.<\/p>\r\n<p>Condra ist der alleinige Lieferant von Baureihen der Hitachi Kettenhebezeuge in S\u00fcdafrika. Dadurch k\u00f6nnen sie alle ihre Hubeinrichtungen von einer Firma beziehen.<\/p>\r\n<p>Auf Grund der Hitachi Baureihe kann Condra nun Hubeinrichtungen von 250kg bis 500 Tonnen in allen Klassifikationen entweder in einfacher, zweifacher oder variablen Hubgeschwindigkeiten anbieten.[\/vc_column_text][\/vc_column][\/vc_row]\r\n<\/div>","protected":false},"excerpt":{"rendered":"[vc_row][vc_column][vc_column_text]FEM-klassifizierte Hubzeugreihe[\/vc_column_text][\/vc_column][vc_column width=&#8220;2\/5&#8243;][vc_single_image image=&#8220;6204&#8243;][\/vc_column][vc_column width=&#8220;3\/5&#8243;][vc_column_text]Condra Kr\u00e4ne sind einsetzbar f\u00fcr Haken, Greifer, Magnet, Pfanne, Korb und Stapelung und k\u00f6nnen manuell, elektrisch oder in Kombination betrieben werden. Typische Fabrikate inkludieren: Seilzughebezeuge und Komponenten \u2013 Hebezeuge und Fahrwerkstr\u00e4ger Laufkr\u00e4ne \u2013 Eintr\u00e4ger und Zweitr\u00e4ger&hellip;","protected":false},"author":1,"featured_media":4995,"parent":0,"menu_order":0,"comment_status":"closed","ping_status":"closed","template":"","meta":{"footnotes":""},"class_list":["post-5348","page","type-page","status-publish","has-post-thumbnail","hentry","entry","has-media"],"_links":{"self":[{"href":"https:\/\/condra.co.za\/de\/wp-json\/wp\/v2\/pages\/5348","targetHints":{"allow":["GET"]}}],"collection":[{"href":"https:\/\/condra.co.za\/de\/wp-json\/wp\/v2\/pages"}],"about":[{"href":"https:\/\/condra.co.za\/de\/wp-json\/wp\/v2\/types\/page"}],"author":[{"embeddable":true,"href":"https:\/\/condra.co.za\/de\/wp-json\/wp\/v2\/users\/1"}],"replies":[{"embeddable":true,"href":"https:\/\/condra.co.za\/de\/wp-json\/wp\/v2\/comments?post=5348"}],"version-history":[{"count":6,"href":"https:\/\/condra.co.za\/de\/wp-json\/wp\/v2\/pages\/5348\/revisions"}],"predecessor-version":[{"id":6207,"href":"https:\/\/condra.co.za\/de\/wp-json\/wp\/v2\/pages\/5348\/revisions\/6207"}],"wp:featuredmedia":[{"embeddable":true,"href":"https:\/\/condra.co.za\/de\/wp-json\/wp\/v2\/media\/4995"}],"wp:attachment":[{"href":"https:\/\/condra.co.za\/de\/wp-json\/wp\/v2\/media?parent=5348"}],"curies":[{"name":"wp","href":"https:\/\/api.w.org\/{rel}","templated":true}]}}