{"id":5345,"date":"2015-11-03T00:00:00","date_gmt":"2015-11-03T00:00:00","guid":{"rendered":"http:\/\/localhost\/2018\/condra\/about-us\/"},"modified":"2018-11-06T07:08:08","modified_gmt":"2018-11-06T07:08:08","slug":"unternehmen","status":"publish","type":"page","link":"https:\/\/condra.co.za\/de\/unternehmen\/","title":{"rendered":"Unternehmen"},"content":{"rendered":"<div class=\"wpb-content-wrapper\">[vc_row][vc_column][vc_column_text]\r\n<h1>Firmengeschichte<\/h1>\r\nEine auf dem s\u00fcdafrikanischen Markt f\u00fcr Hebezeuge und Laufkrane durchgef\u00fchrte Recherche des urspr\u00fcnglich als ein in Johannesburg ans\u00e4ssiges technisches Beratungs- und Zeichenb\u00fcro zeigte eine Gelegenheit auf, von der das Condra Management glaubte, dass das Unternehmen diese ergreifen k\u00f6nnte &#8211; die lokale Fertigung anstelle der lokalen Montage importierter Komponenten. Die Untersuchung ergab, dass eine gro\u00dfe Nachfrage nach verschiedenen robusten Kr\u00e4nen und Hebezeugen bestand, soferne diese wettbewerbsf\u00e4hig sind.\r\n\r\n1971 wurde mit der Herstellung der ersten Laufkr\u00e4ne begonnen. In Johannesburg, wo die ersten Hebezeuge konstruiert und gebaut wurden, zog Condra vier Jahre sp\u00e4ter in eines, den speziellen Bed\u00fcrfnissen entsprechendes Geb\u00e4ude. Das Unternehmen hat seinen Hauptsitz nach wie vor in Johannesburg, aber das Wachstum war so gro\u00df, dass die Gr\u00f6\u00dfe der urspr\u00fcnglichen Fabrik und B\u00fcros 1982 verdoppelt wurde. 2008 zog Condra in sein jetziges Geb\u00e4ude um, ein 22000m<sup>2<\/sup> gro\u00dfes Gel\u00e4nde mit einer \u00fcberdachten Fl\u00e4che von 8000m<sup>2<\/sup>, etwa dreimal so gro\u00df wie die vorherige Fabrik.\r\n\r\nDas erste europ\u00e4ische Werk wurde bald darauf von Condra in Pazardzhik, Bulgarien, in Betrieb genommen.\r\n<h1>Finanzieller Hintergrund<\/h1>\r\nGr\u00fcnder und jetziger Gesch\u00e4ftsf\u00fchrer Josef Kleiner bleibt weiterhin Eigent\u00fcmer des Unternehmens.\r\nEs gibt keine externen Gesellschafter, das Unternehmen wird vollst\u00e4ndig durch Gewinne aus seinem Qualit\u00e4tssortiment finanziert.\r\n\r\nWe comply to the Promotion of Access to Information Act. View our Access to Information Manual <a href=\"https:\/\/condra.co.za\/en\/access-to-information-manual\/\" target=\"_blank\" rel=\"noopener\">here<\/a>.[\/vc_column_text][\/vc_column][\/vc_row]<\/div>","protected":false},"excerpt":{"rendered":"[vc_row][vc_column][vc_column_text] Firmengeschichte Eine auf dem s\u00fcdafrikanischen Markt f\u00fcr Hebezeuge und Laufkrane durchgef\u00fchrte Recherche des urspr\u00fcnglich als ein in Johannesburg ans\u00e4ssiges technisches Beratungs- und Zeichenb\u00fcro zeigte eine Gelegenheit auf, von der das Condra Management glaubte, dass das Unternehmen diese ergreifen k\u00f6nnte&hellip;","protected":false},"author":1,"featured_media":4995,"parent":0,"menu_order":0,"comment_status":"closed","ping_status":"closed","template":"","meta":{"footnotes":""},"class_list":["post-5345","page","type-page","status-publish","has-post-thumbnail","hentry","entry","has-media"],"_links":{"self":[{"href":"https:\/\/condra.co.za\/de\/wp-json\/wp\/v2\/pages\/5345","targetHints":{"allow":["GET"]}}],"collection":[{"href":"https:\/\/condra.co.za\/de\/wp-json\/wp\/v2\/pages"}],"about":[{"href":"https:\/\/condra.co.za\/de\/wp-json\/wp\/v2\/types\/page"}],"author":[{"embeddable":true,"href":"https:\/\/condra.co.za\/de\/wp-json\/wp\/v2\/users\/1"}],"replies":[{"embeddable":true,"href":"https:\/\/condra.co.za\/de\/wp-json\/wp\/v2\/comments?post=5345"}],"version-history":[{"count":4,"href":"https:\/\/condra.co.za\/de\/wp-json\/wp\/v2\/pages\/5345\/revisions"}],"predecessor-version":[{"id":6062,"href":"https:\/\/condra.co.za\/de\/wp-json\/wp\/v2\/pages\/5345\/revisions\/6062"}],"wp:featuredmedia":[{"embeddable":true,"href":"https:\/\/condra.co.za\/de\/wp-json\/wp\/v2\/media\/4995"}],"wp:attachment":[{"href":"https:\/\/condra.co.za\/de\/wp-json\/wp\/v2\/media?parent=5345"}],"curies":[{"name":"wp","href":"https:\/\/api.w.org\/{rel}","templated":true}]}}