{"id":5338,"date":"2013-11-26T04:10:02","date_gmt":"2013-11-26T04:10:02","guid":{"rendered":"http:\/\/localhost\/2018\/condra\/homepage\/"},"modified":"2019-03-27T13:02:48","modified_gmt":"2019-03-27T13:02:48","slug":"homepage","status":"publish","type":"page","link":"https:\/\/condra.co.za\/de\/","title":{"rendered":"Home"},"content":{"rendered":"<div class=\"wpb-content-wrapper\">[vc_row full_width=&#8220;stretch_row_content_no_spaces&#8220; css=&#8220;.vc_custom_1538551156684{padding-bottom: 20px !important;}&#8220;][vc_column css=&#8220;.vc_custom_1538551222671{border-bottom-width: 6px !important;border-bottom-color: #f15a21 !important;}&#8220;][rev_slider_vc alias=&#8220;homeslider&#8220;][\/vc_column][\/vc_row][vc_row column_spacing=&#8220;40&#8243; tablet_fullwidth_cols=&#8220;yes&#8220; bg_style=&#8220;stretch&#8220; el_id=&#8220;home-content&#8220; css=&#8220;.vc_custom_1489893870906{padding-bottom: 20px !important;}&#8220;][vc_column width=&#8220;1\/2&#8243;][vc_single_image image=&#8220;4995&#8243; img_size=&#8220;500&#215;380&#8243;][\/vc_column][vc_column width=&#8220;1\/2&#8243;]<h1 class=\"vcex-module vcex-heading vcex-heading-plain\" style=\"color:#f15a21;font-size:26px;\"><span class=\"vcex-heading-inner clr\">L\u00f6sungen<\/span><\/h1><h1 class=\"vcex-module vcex-heading vcex-heading-plain heading-polygons\" style=\"font-size:26px;line-height:30px;\"><span class=\"vcex-heading-inner clr\">Seit 1966!<\/span><\/h1>[vc_column_text css=&#8220;.vc_custom_1539589744846{margin-top: 5px !important;}&#8220;]<em>Condra\u2019s technische Kompetenz, die hausinterne Designflexibilit\u00e4t und das breite Spektrum an Standardprodukten macht uns zu einen der f\u00fchrenden Kranhersteller in der Welt.<\/em><\/p>\r\n<p><strong style=\"color: #f15a21;\">Condra <\/strong>ist in vier Hauptbereiche gegliedert: Design, Produktion, Service und Verkauf. Kr\u00e4ne werden bis einschlie\u00dflich Schwerlastklasse 4 und nach den Standards von ISO, GOST und anderen international anerkannten Qualit\u00e4tskontrollbeh\u00f6rden entwickelt und hergestellt.<\/p>\r\n<p>Die strikte Anwendung von Fertigungsstandards gew\u00e4hrleistet, dass wir Kr\u00e4ne und Hebezeuge in puncto Qualit\u00e4t, Preis und Leistungsst\u00e4rke gleichwertig liefern. Unser guter Ruf f\u00fcr mechanische Zuverl\u00e4ssigkeit ist das Ergebnis unserer Philosophie der vereinfachten Wartung durch funktionales Design. Vertriebsmitarbeiter sind qualifizierte Ingenieure.[\/vc_column_text][\/vc_column][vc_column][vc_row_inner el_id=&#8220;condra-buttons&#8220;][vc_column_inner width=&#8220;1\/3&#8243; css=&#8220;.vc_custom_1538999367008{margin-bottom: 0px !important;padding-bottom: 0px !important;}&#8220;]<div class=\"textcenter theme-button-wrap clr\"><a href=\"\/de\/service-und-belastungspruefungen\/\" class=\"vcex-button theme-button large align-center inline animate-on-hover\" style=\"padding-top:20px;padding-right:40px;padding-bottom:20px;padding-left:40px;border-radius:0px;width:100%;\"><span class=\"theme-button-inner\"><span class=\"vcex-icon-wrap theme-button-icon-left\"><span class=\"fa fa-check-square\"><\/span><\/span>Service und Belastungspr\u00fcfungen<\/span><\/a><\/div> [\/vc_column_inner][vc_column_inner width=&#8220;1\/3&#8243; css=&#8220;.vc_custom_1538999426048{margin-bottom: 0px !important;padding-bottom: 0px !important;}&#8220;]<div class=\"textcenter theme-button-wrap clr\"><a href=\"#\" class=\"vcex-button theme-button large align-center inline animate-on-hover\" style=\"padding-top:20px;padding-right:40px;padding-bottom:20px;padding-left:40px;border-radius:0px;width:100%;\"><span class=\"theme-button-inner\"><span class=\"vcex-icon-wrap theme-button-icon-left\"><span class=\"fa fa-cogs\"><\/span><\/span>Hebezeug Betriebsanleitungen<\/span><\/a><\/div> [\/vc_column_inner][vc_column_inner width=&#8220;1\/3&#8243; css=&#8220;.vc_custom_1538999433527{margin-bottom: 0px !important;padding-bottom: 0px !important;}&#8220;]<div class=\"textcenter theme-button-wrap clr\"><a href=\"\/de\/kontakte\/\" class=\"vcex-button theme-button large align-center inline animate-on-hover\" style=\"padding-top:20px;padding-right:40px;padding-bottom:20px;padding-left:40px;border-radius:0px;width:100%;\"><span class=\"theme-button-inner\"><span class=\"vcex-icon-wrap theme-button-icon-left\"><span class=\"fa fa-phone\"><\/span><\/span>Kontakte Weltweit<\/span><\/a><\/div> [\/vc_column_inner][\/vc_row_inner][\/vc_column][\/vc_row][vc_row full_width=&#8220;stretch_row&#8220; bg_style=&#8220;stretch&#8220; css=&#8220;.vc_custom_1553691763455{border-top-width: 1px !important;padding-top: 50px !important;padding-bottom: 50px !important;background-image: url(\/wp-content\/uploads\/2019\/03\/condra-home-bg-dark1.jpg?id=6216) !important;background-position: center !important;background-repeat: no-repeat !important;background-size: cover !important;border-top-style: solid !important;}&#8220; wpex_bg_position=&#8220;center 70%&#8220;][vc_column margin_bottom=&#8220;0px&#8220;][vc_single_image image=&#8220;6102&#8243; el_id=&#8220;condralogo&#8220;][vc_column_text text_align=&#8220;left&#8220; font_weight=&#8220;400&#8243; color=&#8220;#ffffff&#8220; font_size=&#8220;26px&#8220; line_height=&#8220;32px&#8220; css=&#8220;.vc_custom_1544532224491{padding-top: 10px !important;}&#8220;]Erzeugt in S\u00fcdafrika.<br \/>\r\nProduktionsst\u00e4tten in Bulgarien und Chile.[\/vc_column_text][\/vc_column][\/vc_row][vc_row css=&#8220;.vc_custom_1538991474461{padding-top: 40px !important;}&#8220;][vc_column el_id=&#8220;condra-news&#8220;]<h1 class=\"vcex-module vcex-heading vcex-heading-plain\" style=\"color:#f15a21;font-size:26px;text-align:center;\"><span class=\"vcex-heading-inner clr\">Condra<\/span><\/h1><h1 class=\"vcex-module vcex-heading vcex-heading-plain heading-polygons\" style=\"font-size:26px;text-align:center;line-height:30px;\"><span class=\"vcex-heading-inner clr\">Aktuelles und Termine<\/span><\/h1><div class=\"vcex-module vcex-recent-news clr wpex-row vc_custom_1540372324481\"><div class=\"col span_1_of_3 vcex-recent-news-entry-wrap col-1\"><article class=\"vcex-recent-news-entry clr post-8723 post type-post status-publish format-standard has-post-thumbnail hentry category-aktuelles entry has-media\"><div class=\"vcex-recent-news-date\"><span class=\"day\">09<\/span><span class=\"month\"><span>Okt.<\/span> <span class=\"year\">25<\/span><\/span><\/div><div class=\"vcex-news-entry-details clr\"><div class=\"vcex-news-entry-thumbnail clr\"><a href=\"https:\/\/condra.co.za\/de\/canada-australia-bet-south-african\/\" title=\"CANADA, AUSTRALIA BET SOUTH AFRICAN\"><img loading=\"lazy\" decoding=\"async\" alt=\"CANADA, AUSTRALIA BET SOUTH AFRICAN\" src=\"https:\/\/condra.co.za\/wp-content\/uploads\/2025\/10\/Photo-B-Condra-jib-crane-350x240.jpg\" data-no-retina width=\"350\" height=\"240\" \/><\/a><\/div><header class=\"vcex-recent-news-entry-title entry-title\"><h3 class=\"vcex-recent-news-entry-title-heading\" style=\"font-size:20px;\"><a href=\"https:\/\/condra.co.za\/de\/canada-australia-bet-south-african\/\">CANADA, AUSTRALIA BET SOUTH AFRICAN<\/a><\/h3><\/header><div class=\"vcex-recent-news-entry-excerpt clr\"><div class=\"entry\" style=\"color:#000000;\"><p>Consulting firms in Canada and Australia have placed multiple orders on a South African company to manufacture cranes, hoists and other lifting equipment for mine&hellip;<\/p><\/div><a href=\"https:\/\/condra.co.za\/de\/canada-australia-bet-south-african\/\" class=\"theme-txt-link\" style=\"color:#f15a21;\">Read More<span class=\"vcex-readmore-rarr\">&rarr;<\/span><\/a><\/div><\/div><\/article><\/div><div class=\"col span_1_of_3 vcex-recent-news-entry-wrap col-2\"><article class=\"vcex-recent-news-entry clr post-8691 post type-post status-publish format-standard has-post-thumbnail hentry category-aktuelles entry has-media\"><div class=\"vcex-recent-news-date\"><span class=\"day\">02<\/span><span class=\"month\"><span>Sep.<\/span> <span class=\"year\">25<\/span><\/span><\/div><div class=\"vcex-news-entry-details clr\"><div class=\"vcex-news-entry-thumbnail clr\"><a href=\"https:\/\/condra.co.za\/de\/portal-cranes-for-ghana-saudi-arabia\/\" title=\"PORTAL CRANES FOR GHANA &#038; SAUDI ARABIA\"><img loading=\"lazy\" decoding=\"async\" alt=\"PORTAL CRANES FOR GHANA &#038; SAUDI ARABIA\" src=\"https:\/\/condra.co.za\/wp-content\/uploads\/2025\/09\/Photo-B-SMIDTHCRANES-350x240.jpg\" data-no-retina width=\"350\" height=\"240\" \/><\/a><\/div><header class=\"vcex-recent-news-entry-title entry-title\"><h3 class=\"vcex-recent-news-entry-title-heading\" style=\"font-size:20px;\"><a href=\"https:\/\/condra.co.za\/de\/portal-cranes-for-ghana-saudi-arabia\/\">PORTAL CRANES FOR GHANA &#038; SAUDI ARABIA<\/a><\/h3><\/header><div class=\"vcex-recent-news-entry-excerpt clr\"><div class=\"entry\" style=\"color:#000000;\"><p>Mining engineering company FL Smidth (FLS) has decommissioned a 10-ton Condra portal crane in Mozambique to use in a company workshop in Ghana. Two new&hellip;<\/p><\/div><a href=\"https:\/\/condra.co.za\/de\/portal-cranes-for-ghana-saudi-arabia\/\" class=\"theme-txt-link\" style=\"color:#f15a21;\">Read More<span class=\"vcex-readmore-rarr\">&rarr;<\/span><\/a><\/div><\/div><\/article><\/div><div class=\"col span_1_of_3 vcex-recent-news-entry-wrap col-3\"><article class=\"vcex-recent-news-entry clr post-8657 post type-post status-publish format-standard has-post-thumbnail hentry category-aktuelles entry has-media\"><div class=\"vcex-recent-news-date\"><span class=\"day\">03<\/span><span class=\"month\"><span>Juli<\/span> <span class=\"year\">25<\/span><\/span><\/div><div class=\"vcex-news-entry-details clr\"><div class=\"vcex-news-entry-thumbnail clr\"><a href=\"https:\/\/condra.co.za\/de\/cranes-speed-up-grain-planter-production\/\" title=\"CRANES SPEED UP GRAIN-PLANTER PRODUCTION\"><img loading=\"lazy\" decoding=\"async\" alt=\"CRANES SPEED UP GRAIN-PLANTER PRODUCTION\" src=\"https:\/\/condra.co.za\/wp-content\/uploads\/2025\/07\/Photo-B-COMMISSIONED-350x240.jpg\" data-no-retina width=\"350\" height=\"240\" \/><\/a><\/div><header class=\"vcex-recent-news-entry-title entry-title\"><h3 class=\"vcex-recent-news-entry-title-heading\" style=\"font-size:20px;\"><a href=\"https:\/\/condra.co.za\/de\/cranes-speed-up-grain-planter-production\/\">CRANES SPEED UP GRAIN-PLANTER PRODUCTION<\/a><\/h3><\/header><div class=\"vcex-recent-news-entry-excerpt clr\"><div class=\"entry\" style=\"color:#000000;\"><p>BB Cranes has completed the installation and commissioning of five overhead cranes at Rovic\u2019s new agricultural machinery factory in Blackheath, Cape Town. Manufactured by BB&hellip;<\/p><\/div><a href=\"https:\/\/condra.co.za\/de\/cranes-speed-up-grain-planter-production\/\" class=\"theme-txt-link\" style=\"color:#f15a21;\">Read More<span class=\"vcex-readmore-rarr\">&rarr;<\/span><\/a><\/div><\/div><\/article><\/div><\/div>[\/vc_column][\/vc_row]\r\n<\/div>","protected":false},"excerpt":{"rendered":"[vc_row full_width=&#8220;stretch_row_content_no_spaces&#8220; css=&#8220;.vc_custom_1538551156684{padding-bottom: 20px !important;}&#8220;][vc_column css=&#8220;.vc_custom_1538551222671{border-bottom-width: 6px !important;border-bottom-color: #f15a21 !important;}&#8220;][rev_slider_vc alias=&#8220;homeslider&#8220;][\/vc_column][\/vc_row][vc_row column_spacing=&#8220;40&#8243; tablet_fullwidth_cols=&#8220;yes&#8220; bg_style=&#8220;stretch&#8220; el_id=&#8220;home-content&#8220; css=&#8220;.vc_custom_1489893870906{padding-bottom: 20px !important;}&#8220;][vc_column width=&#8220;1\/2&#8243;][vc_single_image image=&#8220;4995&#8243; img_size=&#8220;500&#215;380&#8243;][\/vc_column][vc_column width=&#8220;1\/2&#8243;][vc_column_text css=&#8220;.vc_custom_1539589744846{margin-top: 5px !important;}&#8220;]Condra\u2019s technische Kompetenz, die hausinterne Designflexibilit\u00e4t und das breite Spektrum an Standardprodukten macht uns zu einen&hellip;","protected":false},"author":1,"featured_media":4995,"parent":0,"menu_order":0,"comment_status":"closed","ping_status":"closed","template":"","meta":{"footnotes":""},"class_list":["post-5338","page","type-page","status-publish","has-post-thumbnail","hentry","entry","has-media"],"_links":{"self":[{"href":"https:\/\/condra.co.za\/de\/wp-json\/wp\/v2\/pages\/5338","targetHints":{"allow":["GET"]}}],"collection":[{"href":"https:\/\/condra.co.za\/de\/wp-json\/wp\/v2\/pages"}],"about":[{"href":"https:\/\/condra.co.za\/de\/wp-json\/wp\/v2\/types\/page"}],"author":[{"embeddable":true,"href":"https:\/\/condra.co.za\/de\/wp-json\/wp\/v2\/users\/1"}],"replies":[{"embeddable":true,"href":"https:\/\/condra.co.za\/de\/wp-json\/wp\/v2\/comments?post=5338"}],"version-history":[{"count":16,"href":"https:\/\/condra.co.za\/de\/wp-json\/wp\/v2\/pages\/5338\/revisions"}],"predecessor-version":[{"id":6219,"href":"https:\/\/condra.co.za\/de\/wp-json\/wp\/v2\/pages\/5338\/revisions\/6219"}],"wp:featuredmedia":[{"embeddable":true,"href":"https:\/\/condra.co.za\/de\/wp-json\/wp\/v2\/media\/4995"}],"wp:attachment":[{"href":"https:\/\/condra.co.za\/de\/wp-json\/wp\/v2\/media?parent=5338"}],"curies":[{"name":"wp","href":"https:\/\/api.w.org\/{rel}","templated":true}]}}